{"id":31802,"date":"2020-02-07T13:03:04","date_gmt":"2020-02-07T11:03:04","guid":{"rendered":"https:\/\/lightup.lv\/precu-katalogs\/rombo-pelekas-krasas-adas-kresls-ar-roku-balstiem\/"},"modified":"2024-04-02T13:57:47","modified_gmt":"2024-04-02T11:57:47","slug":"rombo-pelekas-krasas-adas-kresls-ar-roku-balstiem","status":"publish","type":"product","link":"https:\/\/lightup.lv\/et\/tootekataloog\/rombo-pelekas-krasas-adas-kresls-ar-roku-balstiem\/","title":{"rendered":"Rombo &#8211; pel\u0113kas kr\u0101sas \u0101das kr\u0113sls ar roku balstiem"},"content":{"rendered":"<p>Tooli k\u00f5rgus \u2013 80 cm<\/p>\n<p>Tooli pikkus \u2013 56 cm<\/p>\n<p>Istme laius \u2013 51 cm<\/p>\n<p>Istme k\u00f5rgus \u2013 46 cm<\/p>\n<p>ID 100690480<\/p>","protected":false},"excerpt":{"rendered":"<p>DAN-FORM on Taani br\u00e4nd, mis pakub kvaliteetset m\u00f6\u00f6blit, mida disainitakse ja toodetakse. Valikusse kuuluvad s\u00f6\u00f6gitoolid, baaritoolid, lamamistoolid, kontoritoolid ja lauad. DAN-FORMi pakutav m\u00f6\u00f6bel on disainitud taskukohaseks ning seda saab kasutada restoranides, hotellides, kontorites ja kodudes. Tootja valikusse kuuluvad nahast, kunstnahast, kangast, metallist ja plastist toolid, samuti puidust lauad ja diivanilauad.<\/p>","protected":false},"featured_media":1670,"template":"","meta":{"_acf_changed":false},"product_brand":[],"product_cat":[28,38],"product_tag":[37],"class_list":{"0":"post-31802","1":"product","2":"type-product","3":"status-publish","4":"has-post-thumbnail","6":"product_cat-kresli","7":"product_cat-kresli-pie-galda","8":"product_tag-dan-form","10":"first","11":"instock","12":"shipping-taxable","13":"purchasable","14":"product-type-simple"},"acf":[],"_links":{"self":[{"href":"https:\/\/lightup.lv\/et\/wp-json\/wp\/v2\/product\/31802","targetHints":{"allow":["GET"]}}],"collection":[{"href":"https:\/\/lightup.lv\/et\/wp-json\/wp\/v2\/product"}],"about":[{"href":"https:\/\/lightup.lv\/et\/wp-json\/wp\/v2\/types\/product"}],"wp:featuredmedia":[{"embeddable":true,"href":"https:\/\/lightup.lv\/et\/wp-json\/wp\/v2\/media\/1670"}],"wp:attachment":[{"href":"https:\/\/lightup.lv\/et\/wp-json\/wp\/v2\/media?parent=31802"}],"wp:term":[{"taxonomy":"product_brand","embeddable":true,"href":"https:\/\/lightup.lv\/et\/wp-json\/wp\/v2\/product_brand?post=31802"},{"taxonomy":"product_cat","embeddable":true,"href":"https:\/\/lightup.lv\/et\/wp-json\/wp\/v2\/product_cat?post=31802"},{"taxonomy":"product_tag","embeddable":true,"href":"https:\/\/lightup.lv\/et\/wp-json\/wp\/v2\/product_tag?post=31802"}],"curies":[{"name":"wp","href":"https:\/\/api.w.org\/{rel}","templated":true}]}}