{"id":31803,"date":"2020-02-10T09:26:54","date_gmt":"2020-02-10T07:26:54","guid":{"rendered":"https:\/\/lightup.lv\/precu-katalogs\/cloud-melnas-adas-bara-kresls\/"},"modified":"2025-05-17T13:18:59","modified_gmt":"2025-05-17T11:18:59","slug":"cloud-melnas-adas-bara-kresls","status":"publish","type":"product","link":"https:\/\/lightup.lv\/et\/precu-katalogs\/cloud-melnas-adas-bara-kresls\/","title":{"rendered":"Cloud \u2013 must nahast baaritool"},"content":{"rendered":"<p><strong>B\u0101ra kr\u0113sls:<\/strong><\/p>\n<p>Kr\u0113sla augstums \u2013 110 cm<\/p>\n<p>Kr\u0113sla garums \u2013 48 cm<\/p>\n<p>S\u0113des platums \u2013 54 cm<\/p>\n<p>Istme k\u00f5rgus \u2013 77 cm<\/p>\n<p><strong>Pusb\u0101ra kr\u0113sls<\/strong><\/p>\n<p>Kr\u0113sla augstums \u2013 100 cm<\/p>\n<p>Kr\u0113sla garums \u2013 48 cm<\/p>\n<p>S\u0113des platums \u2013 54 cm<\/p>\n<p>S\u0113des augstums \u2013 67 cm<\/p>\n<p>ID 200800200<\/p>","protected":false},"excerpt":{"rendered":"<p>DAN-FORM on Taani br\u00e4nd, mis pakub kvaliteetset m\u00f6\u00f6blit, mida disainitakse ja toodetakse. Valikusse kuuluvad s\u00f6\u00f6gitoolid, baaritoolid, lamamistoolid, kontoritoolid ja lauad. DAN-FORMi pakutav m\u00f6\u00f6bel on disainitud taskukohaseks ning seda saab kasutada restoranides, hotellides, kontorites ja kodudes. Tootja valikusse kuuluvad nahast, kunstnahast, kangast, metallist ja plastist toolid, samuti puidust lauad ja diivanilauad.<\/p>","protected":false},"featured_media":35769,"template":"","meta":{"_acf_changed":false},"product_brand":[],"product_cat":[29,28],"product_tag":[37],"class_list":{"0":"post-31803","1":"product","2":"type-product","3":"status-publish","4":"has-post-thumbnail","6":"product_cat-bara-kresli","7":"product_cat-kresli","8":"product_tag-dan-form","10":"first","11":"instock","12":"shipping-taxable","13":"purchasable","14":"product-type-simple"},"acf":[],"_links":{"self":[{"href":"https:\/\/lightup.lv\/et\/wp-json\/wp\/v2\/product\/31803","targetHints":{"allow":["GET"]}}],"collection":[{"href":"https:\/\/lightup.lv\/et\/wp-json\/wp\/v2\/product"}],"about":[{"href":"https:\/\/lightup.lv\/et\/wp-json\/wp\/v2\/types\/product"}],"wp:featuredmedia":[{"embeddable":true,"href":"https:\/\/lightup.lv\/et\/wp-json\/wp\/v2\/media\/35769"}],"wp:attachment":[{"href":"https:\/\/lightup.lv\/et\/wp-json\/wp\/v2\/media?parent=31803"}],"wp:term":[{"taxonomy":"product_brand","embeddable":true,"href":"https:\/\/lightup.lv\/et\/wp-json\/wp\/v2\/product_brand?post=31803"},{"taxonomy":"product_cat","embeddable":true,"href":"https:\/\/lightup.lv\/et\/wp-json\/wp\/v2\/product_cat?post=31803"},{"taxonomy":"product_tag","embeddable":true,"href":"https:\/\/lightup.lv\/et\/wp-json\/wp\/v2\/product_tag?post=31803"}],"curies":[{"name":"t\u00f6\u00f6leht","href":"https:\/\/api.w.org\/{rel}","templated":true}]}}