{"id":31811,"date":"2020-02-11T14:07:57","date_gmt":"2020-02-11T12:07:57","guid":{"rendered":"https:\/\/lightup.lv\/precu-katalogs\/hype-peleki-adas-bara-kresls\/"},"modified":"2024-04-02T10:32:18","modified_gmt":"2024-04-02T08:32:18","slug":"hype-peleki-adas-bara-kresls","status":"publish","type":"product","link":"https:\/\/lightup.lv\/et\/tootekataloog\/hype-peleki-adas-bara-kresls\/","title":{"rendered":"Hype &#8211; Pel\u0113ki \u0101das b\u0101ra kr\u0113sls"},"content":{"rendered":"<p><strong>B\u0101ra kr\u0113sls:<\/strong><\/p>\n<p>Kr\u0113sla augstums \u2013 101 cm<\/p>\n<p>Tooli pikkus \u2013 49 cm<\/p>\n<p>S\u0113des platums \u2013 53 cm<\/p>\n<p>S\u0113des augstums \u2013 75 cm<\/p>\n<p><strong>Pusb\u0101ra kr\u0113sls:<\/strong><\/p>\n<p>Kr\u0113sla augstums \u2013 91 cm<\/p>\n<p>Tooli pikkus \u2013 49 cm<\/p>\n<p>S\u0113des platums \u2013 52 cm<\/p>\n<p>S\u0113des augstums \u2013 65 cm<\/p>\n<p> ID 200390603<\/p>","protected":false},"excerpt":{"rendered":"<p>DAN-FORM on Taani br\u00e4nd, mis pakub kvaliteetset m\u00f6\u00f6blit, mida disainitakse ja toodetakse. Valikusse kuuluvad s\u00f6\u00f6gitoolid, baaritoolid, lamamistoolid, kontoritoolid ja lauad. DAN-FORMi pakutav m\u00f6\u00f6bel on disainitud taskukohaseks ning seda saab kasutada restoranides, hotellides, kontorites ja kodudes. Tootja valikusse kuuluvad nahast, kunstnahast, kangast, metallist ja plastist toolid, samuti puidust lauad ja diivanilauad.<\/p>","protected":false},"featured_media":1785,"template":"","meta":{"_acf_changed":false},"product_brand":[],"product_cat":[29,28],"product_tag":[37],"class_list":{"0":"post-31811","1":"product","2":"type-product","3":"status-publish","4":"has-post-thumbnail","6":"product_cat-bara-kresli","7":"product_cat-kresli","8":"product_tag-dan-form","10":"first","11":"instock","12":"sale","13":"shipping-taxable","14":"purchasable","15":"product-type-simple"},"acf":[],"_links":{"self":[{"href":"https:\/\/lightup.lv\/et\/wp-json\/wp\/v2\/product\/31811","targetHints":{"allow":["GET"]}}],"collection":[{"href":"https:\/\/lightup.lv\/et\/wp-json\/wp\/v2\/product"}],"about":[{"href":"https:\/\/lightup.lv\/et\/wp-json\/wp\/v2\/types\/product"}],"wp:featuredmedia":[{"embeddable":true,"href":"https:\/\/lightup.lv\/et\/wp-json\/wp\/v2\/media\/1785"}],"wp:attachment":[{"href":"https:\/\/lightup.lv\/et\/wp-json\/wp\/v2\/media?parent=31811"}],"wp:term":[{"taxonomy":"product_brand","embeddable":true,"href":"https:\/\/lightup.lv\/et\/wp-json\/wp\/v2\/product_brand?post=31811"},{"taxonomy":"product_cat","embeddable":true,"href":"https:\/\/lightup.lv\/et\/wp-json\/wp\/v2\/product_cat?post=31811"},{"taxonomy":"product_tag","embeddable":true,"href":"https:\/\/lightup.lv\/et\/wp-json\/wp\/v2\/product_tag?post=31811"}],"curies":[{"name":"wp","href":"https:\/\/api.w.org\/{rel}","templated":true}]}}