{"id":31813,"date":"2020-03-17T10:11:54","date_gmt":"2020-03-17T08:11:54","guid":{"rendered":"https:\/\/lightup.lv\/precu-katalogs\/swing-melns-adas-bara-kresls\/"},"modified":"2024-04-02T10:32:20","modified_gmt":"2024-04-02T08:32:20","slug":"swing-melns-adas-bara-kresls","status":"publish","type":"product","link":"https:\/\/lightup.lv\/et\/tootekataloog\/swing-melns-adas-bara-kresls\/","title":{"rendered":"Swing &#8211; Melns m\u0101ksl\u012bg\u0101s \u0101das b\u0101ra kr\u0113sls"},"content":{"rendered":"<p><strong>B\u0101ra kr\u0113sls:<\/strong><\/p>\n<p>Kr\u0113sla augstums \u2013 105 cm<\/p>\n<p>Tooli pikkus \u2013 47 cm<\/p>\n<p>S\u0113des platums \u2013 54 cm<\/p>\n<p>S\u0113des augstums \u2013 76 cm<\/p>\n<p><strong>Pusb\u0101ra kr\u0113sls:<\/strong><\/p>\n<p>Kr\u0113sla augstums \u201394 cm<\/p>\n<p>Tooli pikkus \u2013 47 cm<\/p>\n<p>S\u0113des platums \u2013 54 cm<\/p>\n<p>S\u0113des augstums \u2013 65 cm<\/p>\n<p>ID 200800310<\/p>","protected":false},"excerpt":{"rendered":"<p>DAN-FORM on Taani br\u00e4nd, mis pakub kvaliteetset m\u00f6\u00f6blit, mida disainitakse ja toodetakse. Valikusse kuuluvad s\u00f6\u00f6gitoolid, baaritoolid, lamamistoolid, kontoritoolid ja lauad. DAN-FORMi pakutav m\u00f6\u00f6bel on disainitud taskukohaseks ning seda saab kasutada restoranides, hotellides, kontorites ja kodudes. Tootja valikusse kuuluvad nahast, kunstnahast, kangast, metallist ja plastist toolid, samuti puidust lauad ja diivanilauad.<\/p>","protected":false},"featured_media":2024,"template":"","meta":{"_acf_changed":false},"product_brand":[],"product_cat":[29,28],"product_tag":[37],"class_list":{"0":"post-31813","1":"product","2":"type-product","3":"status-publish","4":"has-post-thumbnail","6":"product_cat-bara-kresli","7":"product_cat-kresli","8":"product_tag-dan-form","10":"first","11":"instock","12":"sale","13":"shipping-taxable","14":"purchasable","15":"product-type-simple"},"acf":[],"_links":{"self":[{"href":"https:\/\/lightup.lv\/et\/wp-json\/wp\/v2\/product\/31813","targetHints":{"allow":["GET"]}}],"collection":[{"href":"https:\/\/lightup.lv\/et\/wp-json\/wp\/v2\/product"}],"about":[{"href":"https:\/\/lightup.lv\/et\/wp-json\/wp\/v2\/types\/product"}],"wp:featuredmedia":[{"embeddable":true,"href":"https:\/\/lightup.lv\/et\/wp-json\/wp\/v2\/media\/2024"}],"wp:attachment":[{"href":"https:\/\/lightup.lv\/et\/wp-json\/wp\/v2\/media?parent=31813"}],"wp:term":[{"taxonomy":"product_brand","embeddable":true,"href":"https:\/\/lightup.lv\/et\/wp-json\/wp\/v2\/product_brand?post=31813"},{"taxonomy":"product_cat","embeddable":true,"href":"https:\/\/lightup.lv\/et\/wp-json\/wp\/v2\/product_cat?post=31813"},{"taxonomy":"product_tag","embeddable":true,"href":"https:\/\/lightup.lv\/et\/wp-json\/wp\/v2\/product_tag?post=31813"}],"curies":[{"name":"wp","href":"https:\/\/api.w.org\/{rel}","templated":true}]}}