{"id":31818,"date":"2021-01-21T13:54:28","date_gmt":"2021-01-21T11:54:28","guid":{"rendered":"https:\/\/lightup.lv\/precu-katalogs\/hype-zils-samta-bara-kresls-2\/"},"modified":"2025-05-23T15:49:50","modified_gmt":"2025-05-23T13:49:50","slug":"hype-sinine-sametist-tugitool-2","status":"publish","type":"product","link":"https:\/\/lightup.lv\/et\/tootekataloog\/hype-sinine-sametist-tugitool-2\/","title":{"rendered":"FIERCE \u2013 pruun M. nahk"},"content":{"rendered":"<p>Pruun kunstnahk<\/p>\n<p>Tooli k\u00f5rgus \u2013 85 cm<\/p>\n<p>Tooli pikkus \u2013 49 cm<\/p>\n<p>Istme laius \u2013 60 cm<\/p>\n<p>Istme k\u00f5rgus \u2013 47 cm<\/p>\n<p>ID 100650100<\/p>","protected":false},"excerpt":{"rendered":"<p>DAN-FORM on Taani br\u00e4nd, mis pakub kvaliteetset m\u00f6\u00f6blit, mida disainitakse ja toodetakse. Valikusse kuuluvad s\u00f6\u00f6gitoolid, baaritoolid, lamamistoolid, kontoritoolid ja lauad. DAN-FORMi pakutav m\u00f6\u00f6bel on disainitud taskukohaseks ning seda saab kasutada restoranides, hotellides, kontorites ja kodudes. Tootja valikusse kuuluvad nahast, kunstnahast, kangast, metallist ja plastist toolid, samuti puidust lauad ja diivanilauad.<\/p>","protected":false},"featured_media":35788,"template":"","meta":{"_acf_changed":false},"product_brand":[],"product_cat":[28,38],"product_tag":[37],"class_list":{"0":"post-31818","1":"product","2":"type-product","3":"status-publish","4":"has-post-thumbnail","6":"product_cat-kresli","7":"product_cat-kresli-pie-galda","8":"product_tag-dan-form","10":"first","11":"instock","12":"shipping-taxable","13":"purchasable","14":"product-type-simple"},"acf":[],"_links":{"self":[{"href":"https:\/\/lightup.lv\/et\/wp-json\/wp\/v2\/product\/31818","targetHints":{"allow":["GET"]}}],"collection":[{"href":"https:\/\/lightup.lv\/et\/wp-json\/wp\/v2\/product"}],"about":[{"href":"https:\/\/lightup.lv\/et\/wp-json\/wp\/v2\/types\/product"}],"wp:featuredmedia":[{"embeddable":true,"href":"https:\/\/lightup.lv\/et\/wp-json\/wp\/v2\/media\/35788"}],"wp:attachment":[{"href":"https:\/\/lightup.lv\/et\/wp-json\/wp\/v2\/media?parent=31818"}],"wp:term":[{"taxonomy":"product_brand","embeddable":true,"href":"https:\/\/lightup.lv\/et\/wp-json\/wp\/v2\/product_brand?post=31818"},{"taxonomy":"product_cat","embeddable":true,"href":"https:\/\/lightup.lv\/et\/wp-json\/wp\/v2\/product_cat?post=31818"},{"taxonomy":"product_tag","embeddable":true,"href":"https:\/\/lightup.lv\/et\/wp-json\/wp\/v2\/product_tag?post=31818"}],"curies":[{"name":"wp","href":"https:\/\/api.w.org\/{rel}","templated":true}]}}