{"id":31832,"date":"2021-02-18T08:34:17","date_gmt":"2021-02-18T06:34:17","guid":{"rendered":"https:\/\/lightup.lv\/precu-katalogs\/dolphin-bruns-ada-2\/"},"modified":"2025-05-17T13:54:11","modified_gmt":"2025-05-17T11:54:11","slug":"dolphin-bruns-ada-2","status":"publish","type":"product","link":"https:\/\/lightup.lv\/et\/tootekataloog\/dolphin-bruns-ada-2\/","title":{"rendered":"DOLPHIN &#8211; br\u016bns \u0101da"},"content":{"rendered":"<p>Kr\u0113sla augstums \u2013 83 cm<\/p>\n<p>Kr\u0113sla garums \u2013 55 cm<\/p>\n<p>S\u0113des platums \u2013 50 cm<\/p>\n<p>Istme k\u00f5rgus \u2013 47 cm<\/p>\n<p>Br\u016bn\u0101 kr\u0101s\u0101 \u0101das s\u0113\u017eam\u0101 da\u013ca ar meln\u0101 kr\u0101s\u0101 k\u0101j\u0101m.<\/p>\n<p>ID 100295903<\/p>","protected":false},"excerpt":{"rendered":"<p>DOLPHIN kr\u0113sls ir z\u012bm\u012bgs Dan-Form kr\u0113sls. DOLPHIN kr\u0113sls ir Bjarke Nielsena izstr\u0101d\u0101ts un rad\u012bts sadarb\u012bb\u0101 ar Dan-Form dibin\u0101t\u0101ju Jorgen Mensen, un tam ir m\u016b\u017e\u012bgs, zieme\u013cniecisks dizains. S\u0113dek\u013ca pamat\u0101 ir saliekta koka forma, kas palielina s\u0113d\u0113\u0161anas komfortu, un tam ir skaista apdare ar rok\u0101m \u0161\u016bt\u0101m krustd\u016brieniem ap mal\u0101m. DOLPHIN COLLECTION sast\u0101v no pusdienu kr\u0113sliem, b\u0101ra un taburetes.<\/p>","protected":false},"featured_media":35778,"template":"","meta":{"_acf_changed":false},"product_brand":[],"product_cat":[28,38],"product_tag":[37],"class_list":{"0":"post-31832","1":"product","2":"type-product","3":"status-publish","4":"has-post-thumbnail","6":"product_cat-kresli","7":"product_cat-kresli-pie-galda","8":"product_tag-dan-form","10":"first","11":"instock","12":"shipping-taxable","13":"purchasable","14":"product-type-simple"},"acf":[],"_links":{"self":[{"href":"https:\/\/lightup.lv\/et\/wp-json\/wp\/v2\/product\/31832","targetHints":{"allow":["GET"]}}],"collection":[{"href":"https:\/\/lightup.lv\/et\/wp-json\/wp\/v2\/product"}],"about":[{"href":"https:\/\/lightup.lv\/et\/wp-json\/wp\/v2\/types\/product"}],"wp:featuredmedia":[{"embeddable":true,"href":"https:\/\/lightup.lv\/et\/wp-json\/wp\/v2\/media\/35778"}],"wp:attachment":[{"href":"https:\/\/lightup.lv\/et\/wp-json\/wp\/v2\/media?parent=31832"}],"wp:term":[{"taxonomy":"product_brand","embeddable":true,"href":"https:\/\/lightup.lv\/et\/wp-json\/wp\/v2\/product_brand?post=31832"},{"taxonomy":"product_cat","embeddable":true,"href":"https:\/\/lightup.lv\/et\/wp-json\/wp\/v2\/product_cat?post=31832"},{"taxonomy":"product_tag","embeddable":true,"href":"https:\/\/lightup.lv\/et\/wp-json\/wp\/v2\/product_tag?post=31832"}],"curies":[{"name":"wp","href":"https:\/\/api.w.org\/{rel}","templated":true}]}}