{"id":31841,"date":"2021-02-18T18:25:05","date_gmt":"2021-02-18T16:25:05","guid":{"rendered":"https:\/\/lightup.lv\/precu-katalogs\/medusa-peleks-m-ada\/"},"modified":"2024-04-02T13:52:37","modified_gmt":"2024-04-02T11:52:37","slug":"meduus-hall-m-ada","status":"publish","type":"product","link":"https:\/\/lightup.lv\/et\/tootekataloog\/meduus-hall-m-ada\/","title":{"rendered":"MEDUSA hall M. nahk"},"content":{"rendered":"<p>Tooli k\u00f5rgus \u2013 86 cm<\/p>\n<p>Tooli pikkus \u2013 49,5 cm<\/p>\n<p>Istme laius \u2013 58,5 cm<\/p>\n<p>Istme k\u00f5rgus \u2013 45 cm<\/p>\n<p>Hallist kunstnahast iste mustade metalljalgadega.<\/p>\n<p>ID 100600940<\/p>","protected":false},"excerpt":{"rendered":"<p>MEDUSA tool v\u00f5lub oma v\u00e4ikese liivakella kuju ja lihtsa disainiga. Istmel on pesapalli stiilis \u00f5mblused ja meie kvaliteetne kunstnahk annab sellele moodsa ilme. Iste on disainitud maksimaalse istumismugavuse tagamiseks ning koonilised jalad t\u00e4iendavad kerget ja elegantset tooli. MEDUSA on saadaval ainult toolina.<\/p>","protected":false},"featured_media":7771,"template":"","meta":{"_acf_changed":false},"product_brand":[],"product_cat":[28,38],"product_tag":[37],"class_list":{"0":"post-31841","1":"product","2":"type-product","3":"status-publish","4":"has-post-thumbnail","6":"product_cat-kresli","7":"product_cat-kresli-pie-galda","8":"product_tag-dan-form","10":"first","11":"instock","12":"sale","13":"shipping-taxable","14":"purchasable","15":"product-type-simple"},"acf":[],"_links":{"self":[{"href":"https:\/\/lightup.lv\/et\/wp-json\/wp\/v2\/product\/31841","targetHints":{"allow":["GET"]}}],"collection":[{"href":"https:\/\/lightup.lv\/et\/wp-json\/wp\/v2\/product"}],"about":[{"href":"https:\/\/lightup.lv\/et\/wp-json\/wp\/v2\/types\/product"}],"wp:featuredmedia":[{"embeddable":true,"href":"https:\/\/lightup.lv\/et\/wp-json\/wp\/v2\/media\/7771"}],"wp:attachment":[{"href":"https:\/\/lightup.lv\/et\/wp-json\/wp\/v2\/media?parent=31841"}],"wp:term":[{"taxonomy":"product_brand","embeddable":true,"href":"https:\/\/lightup.lv\/et\/wp-json\/wp\/v2\/product_brand?post=31841"},{"taxonomy":"product_cat","embeddable":true,"href":"https:\/\/lightup.lv\/et\/wp-json\/wp\/v2\/product_cat?post=31841"},{"taxonomy":"product_tag","embeddable":true,"href":"https:\/\/lightup.lv\/et\/wp-json\/wp\/v2\/product_tag?post=31841"}],"curies":[{"name":"wp","href":"https:\/\/api.w.org\/{rel}","templated":true}]}}