{"id":31874,"date":"2021-02-23T12:01:48","date_gmt":"2021-02-23T10:01:48","guid":{"rendered":"https:\/\/lightup.lv\/precu-katalogs\/dolphin-melns-m-ada-2\/"},"modified":"2024-04-02T10:32:54","modified_gmt":"2024-04-02T08:32:54","slug":"dolphin-melns-m-ada-2","status":"publish","type":"product","link":"https:\/\/lightup.lv\/et\/tootekataloog\/dolphin-melns-m-ada-2\/","title":{"rendered":"DOLPHIN melns M.\u0101da"},"content":{"rendered":"<p>Kr\u0113sla augstums \u2013 78-105 cm<\/p>\n<p>Kr\u0113sla garums \u2013 45 cm<\/p>\n<p>S\u0113des platums \u2013 45.5 cm<\/p>\n<p>S\u0113des augstums \u2013 53-80 cm<\/p>\n<p>Meln\u0101 kr\u0101s\u0101  \u0101das s\u0113\u017eam\u0101 da\u013ca ar meln\u0101m met\u0101la k\u0101j\u0101m.<\/p>\n<p> ID 200458610<\/p>","protected":false},"excerpt":{"rendered":"<p>Bjarke Nielsen dizaina DOLPHIN b\u0101ra kr\u0113slam ir m\u016b\u017e\u012bgs, zieme\u013cniecisks dizains. S\u0113deklim ir saliekta koka apvalks, kas palielina s\u0113d\u0113\u0161anas komfortu, un tam ir skaista apdare ar rok\u0101m \u0161\u016btiem krustd\u016brieniem ap mal\u0101m. Apa\u013cajai pamatnei ir g\u0101zes pac\u0113l\u0101js, kas \u013cauj noregul\u0113t augstumu pret galda un stie\u0146a galda augstumu. DOLPHIN kolekcija sast\u0101v no pusdienu kr\u0113sliem, b\u0101ra un taburetes.<\/p>","protected":false},"featured_media":8182,"template":"","meta":{"_acf_changed":false},"product_brand":[],"product_cat":[29,28],"product_tag":[37],"class_list":{"0":"post-31874","1":"product","2":"type-product","3":"status-publish","4":"has-post-thumbnail","6":"product_cat-bara-kresli","7":"product_cat-kresli","8":"product_tag-dan-form","10":"first","11":"instock","12":"sale","13":"shipping-taxable","14":"purchasable","15":"product-type-simple"},"acf":[],"_links":{"self":[{"href":"https:\/\/lightup.lv\/et\/wp-json\/wp\/v2\/product\/31874","targetHints":{"allow":["GET"]}}],"collection":[{"href":"https:\/\/lightup.lv\/et\/wp-json\/wp\/v2\/product"}],"about":[{"href":"https:\/\/lightup.lv\/et\/wp-json\/wp\/v2\/types\/product"}],"wp:featuredmedia":[{"embeddable":true,"href":"https:\/\/lightup.lv\/et\/wp-json\/wp\/v2\/media\/8182"}],"wp:attachment":[{"href":"https:\/\/lightup.lv\/et\/wp-json\/wp\/v2\/media?parent=31874"}],"wp:term":[{"taxonomy":"product_brand","embeddable":true,"href":"https:\/\/lightup.lv\/et\/wp-json\/wp\/v2\/product_brand?post=31874"},{"taxonomy":"product_cat","embeddable":true,"href":"https:\/\/lightup.lv\/et\/wp-json\/wp\/v2\/product_cat?post=31874"},{"taxonomy":"product_tag","embeddable":true,"href":"https:\/\/lightup.lv\/et\/wp-json\/wp\/v2\/product_tag?post=31874"}],"curies":[{"name":"wp","href":"https:\/\/api.w.org\/{rel}","templated":true}]}}