{"id":31889,"date":"2021-02-26T07:26:38","date_gmt":"2021-02-26T05:26:38","guid":{"rendered":"https:\/\/lightup.lv\/precu-katalogs\/gaia-bruns-m-ada-2\/"},"modified":"2026-02-03T13:51:54","modified_gmt":"2026-02-03T11:51:54","slug":"gaia-bruns-m-ada-2","status":"publish","type":"product","link":"https:\/\/lightup.lv\/et\/tootekataloog\/gaia-bruns-m-ada-2\/","title":{"rendered":"GAIA br\u016bns M. \u0101da"},"content":{"rendered":"<p>Kr\u0113sla augstums \u2013 73 cm<\/p>\n<p>Kr\u0113sla garums \u2013 70 cm<\/p>\n<p>S\u0113des platums \u2013 64 cm<\/p>\n<p>S\u0113des augstums \u2013 40 cm<\/p>\n<p>Br\u016bn\u0101 kr\u0101s\u0101 m\u0101ksl\u012bg\u0101s \u0101das s\u0113\u017eam\u0101 da\u013ca ar meln\u0101m met\u0101la k\u0101j\u0101m.<\/p>\n<p>ID 700200110<\/p>","protected":false},"excerpt":{"rendered":"<p>Izliekts un ar dramatisku siluetu GAIA atp\u016btas kr\u0113sls labi izskat\u012bsies telp\u0101. GAIA atp\u016btas kr\u0113slam ir \u0113rti, aptvero\u0161i s\u0113dek\u013ci un roku balsti, un elegantas groz\u0101mas k\u0101jas. GAIA kolekcija sast\u0101v no pusdienu kr\u0113sliem, atp\u016btas kr\u0113sliem, b\u0101ra kr\u0113sliem, letes kr\u0113sliem un biroja kr\u0113sliem.<\/p>","protected":false},"featured_media":8383,"template":"","meta":{"_acf_changed":false},"product_brand":[],"product_cat":[119,28,213],"product_tag":[37],"class_list":{"0":"post-31889","1":"product","2":"type-product","3":"status-publish","4":"has-post-thumbnail","6":"product_cat-atputas-kresli-kresli","7":"product_cat-kresli","8":"product_cat-salona-pieejams","9":"product_tag-dan-form","11":"first","12":"instock","13":"shipping-taxable","14":"purchasable","15":"product-type-simple"},"acf":[],"_links":{"self":[{"href":"https:\/\/lightup.lv\/et\/wp-json\/wp\/v2\/product\/31889","targetHints":{"allow":["GET"]}}],"collection":[{"href":"https:\/\/lightup.lv\/et\/wp-json\/wp\/v2\/product"}],"about":[{"href":"https:\/\/lightup.lv\/et\/wp-json\/wp\/v2\/types\/product"}],"wp:featuredmedia":[{"embeddable":true,"href":"https:\/\/lightup.lv\/et\/wp-json\/wp\/v2\/media\/8383"}],"wp:attachment":[{"href":"https:\/\/lightup.lv\/et\/wp-json\/wp\/v2\/media?parent=31889"}],"wp:term":[{"taxonomy":"product_brand","embeddable":true,"href":"https:\/\/lightup.lv\/et\/wp-json\/wp\/v2\/product_brand?post=31889"},{"taxonomy":"product_cat","embeddable":true,"href":"https:\/\/lightup.lv\/et\/wp-json\/wp\/v2\/product_cat?post=31889"},{"taxonomy":"product_tag","embeddable":true,"href":"https:\/\/lightup.lv\/et\/wp-json\/wp\/v2\/product_tag?post=31889"}],"curies":[{"name":"wp","href":"https:\/\/api.w.org\/{rel}","templated":true}]}}