{"id":31910,"date":"2021-04-29T14:23:34","date_gmt":"2021-04-29T12:23:34","guid":{"rendered":"https:\/\/lightup.lv\/precu-katalogs\/glam-sarkans-auduma\/"},"modified":"2025-05-24T13:41:31","modified_gmt":"2025-05-24T11:41:31","slug":"glam-sarkans-auduma","status":"publish","type":"product","link":"https:\/\/lightup.lv\/et\/tootekataloog\/glam-sarkans-auduma\/","title":{"rendered":"GLAM sarkans auduma"},"content":{"rendered":"<p>Kr\u0113sla augstums \u2013 82 cm<\/p>\n<p>Kr\u0113sla garums \u2013 59 cm<\/p>\n<p>S\u0113des platums \u2013 61 cm<\/p>\n<p>Istme k\u00f5rgus \u2013 47 cm<\/p>\n<p>Sarkan\u0101 kr\u0101s\u0101 auduma s\u0113\u017eam\u0101 da\u013ca ar met\u0101la meln\u0101 kr\u0101s\u0101 k\u0101j\u0101m.<\/p>\n<p>ID 100206103<\/p>","protected":false},"excerpt":{"rendered":"<p>GLAM kr\u0113sls izstaro eleganci, un t\u0101 maigi veidotaj\u0101 s\u0113dekl\u012b un slaidaj\u0101s, nedaudz konusveida k\u0101j\u0101s ir karaliska kl\u0101tb\u016btne. K\u0101jas ir izstieptas aizmugur\u0113, kas akcent\u0113 GLAM kr\u0113sla grezn\u012bbu. GLAM ir pieejams tikai k\u0101 kr\u0113sls.<\/p>","protected":false},"featured_media":8958,"template":"","meta":{"_acf_changed":false},"product_brand":[],"product_cat":[28,38],"product_tag":[37],"class_list":{"0":"post-31910","1":"product","2":"type-product","3":"status-publish","4":"has-post-thumbnail","6":"product_cat-kresli","7":"product_cat-kresli-pie-galda","8":"product_tag-dan-form","10":"first","11":"instock","12":"shipping-taxable","13":"purchasable","14":"product-type-simple"},"acf":[],"_links":{"self":[{"href":"https:\/\/lightup.lv\/et\/wp-json\/wp\/v2\/product\/31910","targetHints":{"allow":["GET"]}}],"collection":[{"href":"https:\/\/lightup.lv\/et\/wp-json\/wp\/v2\/product"}],"about":[{"href":"https:\/\/lightup.lv\/et\/wp-json\/wp\/v2\/types\/product"}],"wp:featuredmedia":[{"embeddable":true,"href":"https:\/\/lightup.lv\/et\/wp-json\/wp\/v2\/media\/8958"}],"wp:attachment":[{"href":"https:\/\/lightup.lv\/et\/wp-json\/wp\/v2\/media?parent=31910"}],"wp:term":[{"taxonomy":"product_brand","embeddable":true,"href":"https:\/\/lightup.lv\/et\/wp-json\/wp\/v2\/product_brand?post=31910"},{"taxonomy":"product_cat","embeddable":true,"href":"https:\/\/lightup.lv\/et\/wp-json\/wp\/v2\/product_cat?post=31910"},{"taxonomy":"product_tag","embeddable":true,"href":"https:\/\/lightup.lv\/et\/wp-json\/wp\/v2\/product_tag?post=31910"}],"curies":[{"name":"wp","href":"https:\/\/api.w.org\/{rel}","templated":true}]}}