{"id":31918,"date":"2021-05-13T11:05:45","date_gmt":"2021-05-13T09:05:45","guid":{"rendered":"https:\/\/lightup.lv\/precu-katalogs\/glee-melns-maksligas-adas-2\/"},"modified":"2024-04-02T13:44:18","modified_gmt":"2024-04-02T11:44:18","slug":"glee-melns-maksligas-adas-2","status":"publish","type":"product","link":"https:\/\/lightup.lv\/et\/tootekataloog\/glee-melns-maksligas-adas-2\/","title":{"rendered":"GLEE melns m\u0101ksl\u012bg\u0101s \u0101das"},"content":{"rendered":"<p>Tooli k\u00f5rgus \u2013 78 cm<\/p>\n<p>Tooli pikkus \u2013 47 cm<\/p>\n<p>Istme laius \u2013 56 cm<\/p>\n<p>Istme k\u00f5rgus \u2013 46 cm<\/p>\n<p>Meln\u0101 kr\u0101s\u0101 m\u0101ksl\u012bg\u0101s \u0101das s\u0113\u017eam\u0101 da\u013ca ar koka k\u0101j\u0101m.<\/p>\n<p>ID 100203103<\/p>","protected":false},"excerpt":{"rendered":"<p>Disainer Says Who loodud GLEE tool on populaarne tool. Iste ja seljatugi sulanduvad kokku, kergelt \u00fcles- ja k\u00fclgsuunas kaardudes. Sellel on vineerist jalad, mis r\u00f5hutavad disaini eredust. GLEE on saadaval ainult toolina.<\/p>","protected":false},"featured_media":9046,"template":"","meta":{"_acf_changed":false},"product_brand":[],"product_cat":[28,38],"product_tag":[37],"class_list":{"0":"post-31918","1":"product","2":"type-product","3":"status-publish","4":"has-post-thumbnail","6":"product_cat-kresli","7":"product_cat-kresli-pie-galda","8":"product_tag-dan-form","10":"first","11":"instock","12":"shipping-taxable","13":"purchasable","14":"product-type-simple"},"acf":[],"_links":{"self":[{"href":"https:\/\/lightup.lv\/et\/wp-json\/wp\/v2\/product\/31918","targetHints":{"allow":["GET"]}}],"collection":[{"href":"https:\/\/lightup.lv\/et\/wp-json\/wp\/v2\/product"}],"about":[{"href":"https:\/\/lightup.lv\/et\/wp-json\/wp\/v2\/types\/product"}],"wp:featuredmedia":[{"embeddable":true,"href":"https:\/\/lightup.lv\/et\/wp-json\/wp\/v2\/media\/9046"}],"wp:attachment":[{"href":"https:\/\/lightup.lv\/et\/wp-json\/wp\/v2\/media?parent=31918"}],"wp:term":[{"taxonomy":"product_brand","embeddable":true,"href":"https:\/\/lightup.lv\/et\/wp-json\/wp\/v2\/product_brand?post=31918"},{"taxonomy":"product_cat","embeddable":true,"href":"https:\/\/lightup.lv\/et\/wp-json\/wp\/v2\/product_cat?post=31918"},{"taxonomy":"product_tag","embeddable":true,"href":"https:\/\/lightup.lv\/et\/wp-json\/wp\/v2\/product_tag?post=31918"}],"curies":[{"name":"wp","href":"https:\/\/api.w.org\/{rel}","templated":true}]}}