{"id":31943,"date":"2022-05-26T14:52:58","date_gmt":"2022-05-26T12:52:58","guid":{"rendered":"https:\/\/lightup.lv\/precu-katalogs\/pusbara-kresls-boto-melns\/"},"modified":"2025-09-12T14:54:55","modified_gmt":"2025-09-12T12:54:55","slug":"pusbara-kresls-boto-melns","status":"publish","type":"product","link":"https:\/\/lightup.lv\/et\/tootekataloog\/pusbara-kresls-boto-melns\/","title":{"rendered":"Pusb\u0101ra kr\u0113sls BOTO melns"},"content":{"rendered":"<p>V\u00e4rv: must<br \/>\nS\u0113des materi\u0101ls: M\u0101ksl\u012bg\u0101 \u0101da<br \/>\nK\u0101ju materi\u0101ls: Met\u0101ls\/t\u0113rauds<br \/>\nSaliekams viens uz otra: N\u0113<br \/>\nKr\u0113sla augstums: 95 cm<br \/>\nKr\u0113sla platums: 55 cm<br \/>\nKr\u0113sla dzi\u013cums: 56 cm<br \/>\nS\u0113des augstums: 67 cm<br \/>\nS\u0113des dzi\u013cums: 33 cm<br \/>\nSvars neto: 7.5 kg<\/p>\n<p>ID 300310300<\/p>","protected":false},"excerpt":{"rendered":"<p>Pusb\u0101ra kr\u0113sls ar pl\u0101n\u0101m met\u0101la k\u0101j\u0101m, kas p\u0101riet roku balstos un ap\u0146em s\u0113dek\u013ca atzveltni. M\u0101ksl\u012bg\u0101 \u0101da ir apt\u012bta ap roku balstiem k\u0101 dekorat\u012bva deta\u013ca, kas pace\u013c dizainu n\u0101kamaj\u0101 l\u012bmen\u012b. Kr\u0113sls ir zems b\u0101ra kr\u0113sls, kas atbilst letes galda virsmas augstumam. BOTO kolekcija sast\u0101v no kr\u0113sliem, b\u0101ra un letes kr\u0113sliem, k\u0101 ar\u012b atp\u016btas kr\u0113sliem.<\/p>","protected":false},"featured_media":14199,"template":"","meta":{"_acf_changed":false},"product_brand":[],"product_cat":[28,41],"product_tag":[37],"class_list":{"0":"post-31943","1":"product","2":"type-product","3":"status-publish","4":"has-post-thumbnail","6":"product_cat-kresli","7":"product_cat-pusbara-kresli","8":"product_tag-dan-form","10":"first","11":"instock","12":"shipping-taxable","13":"purchasable","14":"product-type-simple"},"acf":[],"_links":{"self":[{"href":"https:\/\/lightup.lv\/et\/wp-json\/wp\/v2\/product\/31943","targetHints":{"allow":["GET"]}}],"collection":[{"href":"https:\/\/lightup.lv\/et\/wp-json\/wp\/v2\/product"}],"about":[{"href":"https:\/\/lightup.lv\/et\/wp-json\/wp\/v2\/types\/product"}],"wp:featuredmedia":[{"embeddable":true,"href":"https:\/\/lightup.lv\/et\/wp-json\/wp\/v2\/media\/14199"}],"wp:attachment":[{"href":"https:\/\/lightup.lv\/et\/wp-json\/wp\/v2\/media?parent=31943"}],"wp:term":[{"taxonomy":"product_brand","embeddable":true,"href":"https:\/\/lightup.lv\/et\/wp-json\/wp\/v2\/product_brand?post=31943"},{"taxonomy":"product_cat","embeddable":true,"href":"https:\/\/lightup.lv\/et\/wp-json\/wp\/v2\/product_cat?post=31943"},{"taxonomy":"product_tag","embeddable":true,"href":"https:\/\/lightup.lv\/et\/wp-json\/wp\/v2\/product_tag?post=31943"}],"curies":[{"name":"wp","href":"https:\/\/api.w.org\/{rel}","templated":true}]}}