{"id":31949,"date":"2022-05-26T18:13:02","date_gmt":"2022-05-26T16:13:02","guid":{"rendered":"https:\/\/lightup.lv\/precu-katalogs\/atputas-kresls-boto-bruns\/"},"modified":"2025-05-16T14:07:20","modified_gmt":"2025-05-16T12:07:20","slug":"atputas-kresls-boto-bruns","status":"publish","type":"product","link":"https:\/\/lightup.lv\/et\/tootekataloog\/atputas-kresls-boto-bruns\/","title":{"rendered":"Tugitool BOTO pruun"},"content":{"rendered":"<p>V\u00e4rv: Pruun<br \/>\nS\u0113des materi\u0101ls: M\u0101ksl\u012bg\u0101 \u0101da<br \/>\nK\u0101ju materi\u0101ls: Met\u0101ls\/t\u0113rauds<br \/>\nSaliekams viens uz otra: N\u0113<br \/>\nKr\u0113sla augstums: 71 cm<br \/>\nKr\u0113sla platums: 64 cm<br \/>\nKr\u0113sla dzi\u013cums: 66 cm<br \/>\nS\u0113des augstums: 39,5 cm<br \/>\nS\u0113des dzi\u013cums: 42 cm<br \/>\nSvars neto: 10 kg<\/p>\n<p>ID 700310301<\/p>","protected":false},"excerpt":{"rendered":"<p>BOTO atp\u016btas kr\u0113sls ir stil\u012bgs, \u0113rts atp\u016btas kr\u0113sls. To ir izstr\u0101d\u0101jis Georgsens, un taj\u0101 ir v\u012bri\u0161\u0137\u012bgas notis, kas sajauktas ar skaistiem dizaina elementiem, piem\u0113ram, roku balstiem un augstas kvalit\u0101tes m\u0101ksl\u012bgo \u0101du ap tiem. BOTO kolekcija sast\u0101v no kr\u0113sliem, b\u0101ra un letes kr\u0113sliem, un atp\u016btas kr\u0113sliem.<\/p>","protected":false},"featured_media":35743,"template":"","meta":{"_acf_changed":false},"product_brand":[],"product_cat":[119,28],"product_tag":[37],"class_list":{"0":"post-31949","1":"product","2":"type-product","3":"status-publish","4":"has-post-thumbnail","6":"product_cat-atputas-kresli-kresli","7":"product_cat-kresli","8":"product_tag-dan-form","10":"first","11":"instock","12":"shipping-taxable","13":"purchasable","14":"product-type-simple"},"acf":[],"_links":{"self":[{"href":"https:\/\/lightup.lv\/et\/wp-json\/wp\/v2\/product\/31949","targetHints":{"allow":["GET"]}}],"collection":[{"href":"https:\/\/lightup.lv\/et\/wp-json\/wp\/v2\/product"}],"about":[{"href":"https:\/\/lightup.lv\/et\/wp-json\/wp\/v2\/types\/product"}],"wp:featuredmedia":[{"embeddable":true,"href":"https:\/\/lightup.lv\/et\/wp-json\/wp\/v2\/media\/35743"}],"wp:attachment":[{"href":"https:\/\/lightup.lv\/et\/wp-json\/wp\/v2\/media?parent=31949"}],"wp:term":[{"taxonomy":"product_brand","embeddable":true,"href":"https:\/\/lightup.lv\/et\/wp-json\/wp\/v2\/product_brand?post=31949"},{"taxonomy":"product_cat","embeddable":true,"href":"https:\/\/lightup.lv\/et\/wp-json\/wp\/v2\/product_cat?post=31949"},{"taxonomy":"product_tag","embeddable":true,"href":"https:\/\/lightup.lv\/et\/wp-json\/wp\/v2\/product_tag?post=31949"}],"curies":[{"name":"wp","href":"https:\/\/api.w.org\/{rel}","templated":true}]}}