{"id":31964,"date":"2022-05-26T19:08:47","date_gmt":"2022-05-26T17:08:47","guid":{"rendered":"https:\/\/lightup.lv\/precu-katalogs\/auduma-kresls-cloud-gaisi-bruns\/"},"modified":"2025-05-16T13:46:06","modified_gmt":"2025-05-16T11:46:06","slug":"auduma-kresls-cloud-gaisi-bruns","status":"publish","type":"product","link":"https:\/\/lightup.lv\/et\/tootekataloog\/auduma-kresls-cloud-gaisi-bruns\/","title":{"rendered":"Auduma kr\u0113sls Cloud gai\u0161i br\u016bns"},"content":{"rendered":"<p>Kr\u0101sa: Gai\u0161i br\u016bna<br \/>\nS\u0113des materi\u0101ls: Audums<br \/>\nK\u0101ju materi\u0101ls: Met\u0101ls\/t\u0113rauds<br \/>\nSaliekams viens uz otra: N\u0113<br \/>\nKr\u0113sla augstums: 85 cm<br \/>\nTooli laius: 50 cm<br \/>\nKr\u0113sla dzi\u013cums: 56 cm<br \/>\nS\u0113des augstums: 48 cm<br \/>\nS\u0113des dzi\u013cums: 38 cm<br \/>\nSvars neto: 6 kg<\/p>\n<p>ID 100800211<\/p>","protected":false},"excerpt":{"rendered":"<p>Marianne Bjarl\u00f8v izstr\u0101d\u0101tajam kr\u0113slam Cloud ir vienk\u0101r\u0161a, ta\u010du iespaid\u012bga forma ar organisk\u0101m, noapa\u013cot\u0101m s\u0113dek\u013ca mal\u0101m un elegant\u0101m, konisk\u0101m k\u0101j\u0101m, kas pie\u0161\u0137ir dizainam vieglumu. Tas ir kr\u0113sls, kas izskat\u0101s labi no jebkura le\u0146\u0137a, nedomin\u0113jot telp\u0101. Cloud kolekcija sast\u0101v no \u0113damistabas kr\u0113sliem, b\u0101ra kr\u0113sliem un letes kr\u0113sliem.<\/p>","protected":false},"featured_media":35730,"template":"","meta":{"_acf_changed":false},"product_brand":[],"product_cat":[28,38],"product_tag":[37],"class_list":{"0":"post-31964","1":"product","2":"type-product","3":"status-publish","4":"has-post-thumbnail","6":"product_cat-kresli","7":"product_cat-kresli-pie-galda","8":"product_tag-dan-form","10":"first","11":"instock","12":"shipping-taxable","13":"purchasable","14":"product-type-simple"},"acf":[],"_links":{"self":[{"href":"https:\/\/lightup.lv\/et\/wp-json\/wp\/v2\/product\/31964","targetHints":{"allow":["GET"]}}],"collection":[{"href":"https:\/\/lightup.lv\/et\/wp-json\/wp\/v2\/product"}],"about":[{"href":"https:\/\/lightup.lv\/et\/wp-json\/wp\/v2\/types\/product"}],"wp:featuredmedia":[{"embeddable":true,"href":"https:\/\/lightup.lv\/et\/wp-json\/wp\/v2\/media\/35730"}],"wp:attachment":[{"href":"https:\/\/lightup.lv\/et\/wp-json\/wp\/v2\/media?parent=31964"}],"wp:term":[{"taxonomy":"product_brand","embeddable":true,"href":"https:\/\/lightup.lv\/et\/wp-json\/wp\/v2\/product_brand?post=31964"},{"taxonomy":"product_cat","embeddable":true,"href":"https:\/\/lightup.lv\/et\/wp-json\/wp\/v2\/product_cat?post=31964"},{"taxonomy":"product_tag","embeddable":true,"href":"https:\/\/lightup.lv\/et\/wp-json\/wp\/v2\/product_tag?post=31964"}],"curies":[{"name":"wp","href":"https:\/\/api.w.org\/{rel}","templated":true}]}}