{"id":31974,"date":"2022-05-27T10:20:22","date_gmt":"2022-05-27T08:20:22","guid":{"rendered":"https:\/\/lightup.lv\/precu-katalogs\/kresls-delta-balts\/"},"modified":"2025-11-13T16:21:43","modified_gmt":"2025-11-13T14:21:43","slug":"kresls-delta-balts","status":"publish","type":"product","link":"https:\/\/lightup.lv\/et\/tootekataloog\/kresls-delta-balts\/","title":{"rendered":"Kr\u0113sls Delta balts"},"content":{"rendered":"<p>Kr\u0101sa: Balta\/B\u0113\u0161a<br \/>\nS\u0113des materi\u0101ls: Aukla<br \/>\nK\u0101ju materi\u0101ls: Met\u0101ls\/t\u0113rauds<br \/>\nSaliekams viens uz otra: N\u0113<br \/>\nKr\u0113sla augstums: 78 cm<br \/>\nTooli laius: 53 cm<br \/>\nTooli s\u00fcgavus: 50 cm<br \/>\nIstme k\u00f5rgus: 47 cm<br \/>\nSvars neto: 5.4 kg<\/p>\n<p>ID 102320800<\/p>","protected":false},"excerpt":{"rendered":"<p>\u0112damistabas kr\u0113sls DELTA ir klasisks kr\u0113sls, kas atg\u0101dina gadsimta vidus Zieme\u013cvalstu dizaina trad\u012bcijas. Kr\u0113slam ir met\u0101la r\u0101mis, k\u0101jas un atzveltne, k\u0101 ar\u012b iztur\u012bgs 3 k\u0101rtu auklas s\u0113deklis ar skaistu apdari. DELTA ir pieejams tikai k\u0101 \u0113damistabas kr\u0113sls.<\/p>","protected":false},"featured_media":37174,"template":"","meta":{"_acf_changed":false},"product_brand":[],"product_cat":[28,38],"product_tag":[37],"class_list":{"0":"post-31974","1":"product","2":"type-product","3":"status-publish","4":"has-post-thumbnail","6":"product_cat-kresli","7":"product_cat-kresli-pie-galda","8":"product_tag-dan-form","10":"first","11":"instock","12":"sale","13":"shipping-taxable","14":"purchasable","15":"product-type-simple"},"acf":[],"_links":{"self":[{"href":"https:\/\/lightup.lv\/et\/wp-json\/wp\/v2\/product\/31974","targetHints":{"allow":["GET"]}}],"collection":[{"href":"https:\/\/lightup.lv\/et\/wp-json\/wp\/v2\/product"}],"about":[{"href":"https:\/\/lightup.lv\/et\/wp-json\/wp\/v2\/types\/product"}],"wp:featuredmedia":[{"embeddable":true,"href":"https:\/\/lightup.lv\/et\/wp-json\/wp\/v2\/media\/37174"}],"wp:attachment":[{"href":"https:\/\/lightup.lv\/et\/wp-json\/wp\/v2\/media?parent=31974"}],"wp:term":[{"taxonomy":"product_brand","embeddable":true,"href":"https:\/\/lightup.lv\/et\/wp-json\/wp\/v2\/product_brand?post=31974"},{"taxonomy":"product_cat","embeddable":true,"href":"https:\/\/lightup.lv\/et\/wp-json\/wp\/v2\/product_cat?post=31974"},{"taxonomy":"product_tag","embeddable":true,"href":"https:\/\/lightup.lv\/et\/wp-json\/wp\/v2\/product_tag?post=31974"}],"curies":[{"name":"wp","href":"https:\/\/api.w.org\/{rel}","templated":true}]}}