{"id":31987,"date":"2022-05-27T10:40:41","date_gmt":"2022-05-27T08:40:41","guid":{"rendered":"https:\/\/lightup.lv\/precu-katalogs\/pagarinams-galds-eclipse-gaisi-bruns-2\/"},"modified":"2025-05-10T13:35:52","modified_gmt":"2025-05-10T11:35:52","slug":"pagarinams-galds-eclipse-gaisi-bruns-2","status":"publish","type":"product","link":"https:\/\/lightup.lv\/et\/precu-katalogs\/pagarinams-galds-eclipse-gaisi-bruns-2\/","title":{"rendered":"Pagarin\u0101ms galds ECLIPSE gai\u0161i br\u016bns"},"content":{"rendered":"<p>V\u00e4rv: helepruun<br \/>\nMateri\u0101ls: Koks<br \/>\nAugstums: 77 cm<br \/>\nPlatums: 110 cm<br \/>\nGarums: 200-300 cm<br \/>\nSvars neto: 74 kg<\/p>\n<p>ID 400801401<\/p>","protected":false},"excerpt":{"rendered":"<p>ECLIPSE elegantajam galdam ir skaista ov\u0101la forma ar konisk\u0101m k\u0101j\u0101m. Tas ir piem\u0113rots gan \u0113damistab\u0101m, gan biroja telp\u0101m. ECLIPSE galdam ir 2 pagarin\u0101juma pl\u0101ksnes, kas pagarina galda garumu no 2 l\u012bdz 3 metriem. Pie piln\u012bb\u0101 izstiepta galda var novietot 12-14 kr\u0113slus. Pagarin\u0101juma pl\u0101ksnes ir viegli uzst\u0101d\u0101mas, jo galda virsma atrodas uz met\u0101la slied\u0113m, kas \u013cauj t\u0101m bez piep\u016bles izsl\u012bd\u0113t. Pagarin\u0101juma pl\u0101ksnes tiek glab\u0101tas atsevi\u0161\u0137i pie galda. L\u016bdzu, \u0146emiet v\u0113r\u0101, ka k\u0101jas tiek pas\u016bt\u012btas atsevi\u0161\u0137i.<\/p>","protected":false},"featured_media":35679,"template":"","meta":{"_acf_changed":false},"product_brand":[],"product_cat":[22,23],"product_tag":[37],"class_list":{"0":"post-31987","1":"product","2":"type-product","3":"status-publish","4":"has-post-thumbnail","6":"product_cat-galdi","7":"product_cat-pusdienu-galdi","8":"product_tag-dan-form","10":"first","11":"instock","12":"shipping-taxable","13":"purchasable","14":"product-type-simple"},"acf":[],"_links":{"self":[{"href":"https:\/\/lightup.lv\/et\/wp-json\/wp\/v2\/product\/31987","targetHints":{"allow":["GET"]}}],"collection":[{"href":"https:\/\/lightup.lv\/et\/wp-json\/wp\/v2\/product"}],"about":[{"href":"https:\/\/lightup.lv\/et\/wp-json\/wp\/v2\/types\/product"}],"wp:featuredmedia":[{"embeddable":true,"href":"https:\/\/lightup.lv\/et\/wp-json\/wp\/v2\/media\/35679"}],"wp:attachment":[{"href":"https:\/\/lightup.lv\/et\/wp-json\/wp\/v2\/media?parent=31987"}],"wp:term":[{"taxonomy":"product_brand","embeddable":true,"href":"https:\/\/lightup.lv\/et\/wp-json\/wp\/v2\/product_brand?post=31987"},{"taxonomy":"product_cat","embeddable":true,"href":"https:\/\/lightup.lv\/et\/wp-json\/wp\/v2\/product_cat?post=31987"},{"taxonomy":"product_tag","embeddable":true,"href":"https:\/\/lightup.lv\/et\/wp-json\/wp\/v2\/product_tag?post=31987"}],"curies":[{"name":"t\u00f6\u00f6leht","href":"https:\/\/api.w.org\/{rel}","templated":true}]}}