{"id":31996,"date":"2022-05-28T16:40:55","date_gmt":"2022-05-28T14:40:55","guid":{"rendered":"https:\/\/lightup.lv\/precu-katalogs\/pusbara-kresls-fierce-tumsi-bruna\/"},"modified":"2025-08-02T12:42:26","modified_gmt":"2025-08-02T10:42:26","slug":"pusbara-kresls-fierce-tumsi-bruna","status":"publish","type":"product","link":"https:\/\/lightup.lv\/et\/tootekataloog\/pusbara-kresls-fierce-tumsi-bruna\/","title":{"rendered":"Pusb\u0101ra kr\u0113sls FIERCE tum\u0161i br\u016bna"},"content":{"rendered":"<p><span data-sheets-value=\"{&quot;1&quot;:2,&quot;2&quot;:&quot;Kr\u0101sa: Tum\u0161i br\u016bnanMateri\u0101ls: M\u0101ksl\u012bg\u0101 \u0101danKr\u0113sla k\u0101ju materi\u0101ls: Met\u0101ls\/t\u0113raudsnSakraujams viens uz otra: N\u0113nKr\u0113sla augstums: 93 cmnKr\u0113sla platums: 45 cmnKr\u0113sla dzi\u013cums: 51 cmnS\u0113des augstums: 68 cmnS\u0113des dzi\u013cums: 40 cmnSvars neto: 7.35 kg&quot;}\" data-sheets-userformat=\"{&quot;2&quot;:769,&quot;3&quot;:{&quot;1&quot;:0},&quot;11&quot;:3,&quot;12&quot;:0}\">Kr\u0101sa: Tum\u0161i br\u016bna<br \/>\nMaterjal: Kunstnahk<br \/>\nTooli jalgade materjal: metall\/teras<br \/>\nVirnastatav: Ei<br \/>\nKr\u0113sla augstums: 93 cm<br \/>\nKr\u0113sla platums: 45 cm<br \/>\nKr\u0113sla dzi\u013cums: 51 cm<br \/>\nS\u0113des augstums: 68 cm<br \/>\nS\u0113des dzi\u013cums: 40 cm<br \/>\nSvars neto: 7.35 kg<\/span><\/p>\n<p>ID 300650130<\/p>","protected":false},"excerpt":{"rendered":"<p><span data-sheets-value=\"{&quot;1&quot;:2,&quot;2&quot;:&quot;FIERCE galda kr\u0113slam ir m\u016bsdien\u012bgs dizains ar gludu, liektu s\u0113dek\u013ca siluetu un spilvenu, kas nodro\u0161ina papildu komfortu. S\u0113dvietas augstums padara to lieliski piem\u0113rotu virtuves letes vai zem\u0101kiem b\u0101ra galdiem. Kolekcija FIERCE sast\u0101v no kr\u0113sliem, b\u0101ra kr\u0113sliem un letes kr\u0113sliem.&quot;}\" data-sheets-userformat=\"{&quot;2&quot;:769,&quot;3&quot;:{&quot;1&quot;:0},&quot;11&quot;:3,&quot;12&quot;:0}\">FIERCE galda kr\u0113slam ir m\u016bsdien\u012bgs dizains ar gludu, liektu s\u0113dek\u013ca siluetu un spilvenu, kas nodro\u0161ina papildu komfortu. S\u0113dvietas augstums padara to lieliski piem\u0113rotu virtuves letes vai zem\u0101kiem b\u0101ra galdiem. Kolekcija FIERCE sast\u0101v no kr\u0113sliem, b\u0101ra kr\u0113sliem un letes kr\u0113sliem.<\/span><\/p>","protected":false},"featured_media":36678,"template":"","meta":{"_acf_changed":false},"product_brand":[],"product_cat":[28,221,41,213],"product_tag":[37],"class_list":{"0":"post-31996","1":"product","2":"type-product","3":"status-publish","4":"has-post-thumbnail","6":"product_cat-kresli","7":"product_cat-atlaizu-preces","8":"product_cat-pusbara-kresli","9":"product_cat-salona-pieejams","10":"product_tag-dan-form","12":"first","13":"instock","14":"sale","15":"shipping-taxable","16":"purchasable","17":"product-type-simple"},"acf":[],"_links":{"self":[{"href":"https:\/\/lightup.lv\/et\/wp-json\/wp\/v2\/product\/31996","targetHints":{"allow":["GET"]}}],"collection":[{"href":"https:\/\/lightup.lv\/et\/wp-json\/wp\/v2\/product"}],"about":[{"href":"https:\/\/lightup.lv\/et\/wp-json\/wp\/v2\/types\/product"}],"wp:featuredmedia":[{"embeddable":true,"href":"https:\/\/lightup.lv\/et\/wp-json\/wp\/v2\/media\/36678"}],"wp:attachment":[{"href":"https:\/\/lightup.lv\/et\/wp-json\/wp\/v2\/media?parent=31996"}],"wp:term":[{"taxonomy":"product_brand","embeddable":true,"href":"https:\/\/lightup.lv\/et\/wp-json\/wp\/v2\/product_brand?post=31996"},{"taxonomy":"product_cat","embeddable":true,"href":"https:\/\/lightup.lv\/et\/wp-json\/wp\/v2\/product_cat?post=31996"},{"taxonomy":"product_tag","embeddable":true,"href":"https:\/\/lightup.lv\/et\/wp-json\/wp\/v2\/product_tag?post=31996"}],"curies":[{"name":"wp","href":"https:\/\/api.w.org\/{rel}","templated":true}]}}