{"id":32010,"date":"2022-05-28T17:50:20","date_gmt":"2022-05-28T15:50:20","guid":{"rendered":"https:\/\/lightup.lv\/precu-katalogs\/kresls-flair-melns-2\/"},"modified":"2024-04-02T13:18:12","modified_gmt":"2024-04-02T11:18:12","slug":"kresls-flair-melns-2","status":"publish","type":"product","link":"https:\/\/lightup.lv\/et\/tootekataloog\/kresls-flair-melns-2\/","title":{"rendered":"Kr\u0113sls FLAIR melns"},"content":{"rendered":"<p><span data-sheets-value=\"{&quot;1&quot;:2,&quot;2&quot;:&quot;Kr\u0101sa: MelnanMateri\u0101ls: AudumsnKr\u0113sla k\u0101ju materi\u0101ls: Met\u0101ls\/t\u0113raudsnSakraujams viens uz otra: N\u0113nKr\u0113sla augstums: 82 cmnKr\u0113sla platums: 64 cmnKr\u0113sla dzi\u013cums: 56 cmnS\u0113des augstums: 48 cmnS\u0113des dzi\u013cums: 39 cmnSvars neto: 6.2 kg&quot;}\" data-sheets-userformat=\"{&quot;2&quot;:769,&quot;3&quot;:{&quot;1&quot;:0},&quot;11&quot;:3,&quot;12&quot;:0}\">V\u00e4rv: must<br \/>\nMaterjal: kangas<br \/>\nTooli jalgade materjal: metall\/teras<br \/>\nVirnastatav: Ei<br \/>\nKr\u0113sla augstums: 82 cm<br \/>\nKr\u0113sla platums: 64 cm<br \/>\nKr\u0113sla dzi\u013cums: 56 cm<br \/>\nS\u0113des augstums: 48 cm<br \/>\nS\u0113des dzi\u013cums: 39 cm<br \/>\nSvars neto: 6.2 kg<\/span><\/p>\n<p>ID 100222400<\/p>","protected":false},"excerpt":{"rendered":"<p><span data-sheets-value=\"{&quot;1&quot;:2,&quot;2&quot;:&quot;FLAIR ienes m\u016bsdien\u012bgu, greznu un zieme\u013cniecisku stilu ar muguru, kas izstiepta l\u012bdz roku balstiem, un ar rok\u0101m \u0161\u016bt\u0101m \u0161uv\u0113m ap kr\u0113sla mal\u0101m. FLAIR kr\u0113sls pied\u0101v\u0101 lielisku s\u0113d\u0113\u0161anas komfortu, kas ir ide\u0101li piem\u0113rots gar\u0101m sarun\u0101m pie vakari\u0146u vai san\u0101ksmju galda. Kolekcija FLAIR sast\u0101v no kr\u0113sliem, b\u0101ra kr\u0113sliem un letes kr\u0113sliem.&quot;}\" data-sheets-userformat=\"{&quot;2&quot;:769,&quot;3&quot;:{&quot;1&quot;:0},&quot;11&quot;:3,&quot;12&quot;:0}\">FLAIR ienes m\u016bsdien\u012bgu, greznu un zieme\u013cniecisku stilu ar muguru, kas izstiepta l\u012bdz roku balstiem, un ar rok\u0101m \u0161\u016bt\u0101m \u0161uv\u0113m ap kr\u0113sla mal\u0101m. FLAIR kr\u0113sls pied\u0101v\u0101 lielisku s\u0113d\u0113\u0161anas komfortu, kas ir ide\u0101li piem\u0113rots gar\u0101m sarun\u0101m pie vakari\u0146u vai san\u0101ksmju galda. Kolekcija FLAIR sast\u0101v no kr\u0113sliem, b\u0101ra kr\u0113sliem un letes kr\u0113sliem.<\/span><\/p>","protected":false},"featured_media":15026,"template":"","meta":{"_acf_changed":false},"product_brand":[],"product_cat":[28,38],"product_tag":[37],"class_list":{"0":"post-32010","1":"product","2":"type-product","3":"status-publish","4":"has-post-thumbnail","6":"product_cat-kresli","7":"product_cat-kresli-pie-galda","8":"product_tag-dan-form","10":"first","11":"instock","12":"sale","13":"shipping-taxable","14":"purchasable","15":"product-type-simple"},"acf":[],"_links":{"self":[{"href":"https:\/\/lightup.lv\/et\/wp-json\/wp\/v2\/product\/32010","targetHints":{"allow":["GET"]}}],"collection":[{"href":"https:\/\/lightup.lv\/et\/wp-json\/wp\/v2\/product"}],"about":[{"href":"https:\/\/lightup.lv\/et\/wp-json\/wp\/v2\/types\/product"}],"wp:featuredmedia":[{"embeddable":true,"href":"https:\/\/lightup.lv\/et\/wp-json\/wp\/v2\/media\/15026"}],"wp:attachment":[{"href":"https:\/\/lightup.lv\/et\/wp-json\/wp\/v2\/media?parent=32010"}],"wp:term":[{"taxonomy":"product_brand","embeddable":true,"href":"https:\/\/lightup.lv\/et\/wp-json\/wp\/v2\/product_brand?post=32010"},{"taxonomy":"product_cat","embeddable":true,"href":"https:\/\/lightup.lv\/et\/wp-json\/wp\/v2\/product_cat?post=32010"},{"taxonomy":"product_tag","embeddable":true,"href":"https:\/\/lightup.lv\/et\/wp-json\/wp\/v2\/product_tag?post=32010"}],"curies":[{"name":"wp","href":"https:\/\/api.w.org\/{rel}","templated":true}]}}