{"id":32031,"date":"2022-05-29T11:59:14","date_gmt":"2022-05-29T09:59:14","guid":{"rendered":"https:\/\/lightup.lv\/precu-katalogs\/pusbara-kresls-glam-balts-bess\/"},"modified":"2025-09-12T16:00:17","modified_gmt":"2025-09-12T14:00:17","slug":"pusbara-kresls-glam-balts-bess","status":"publish","type":"product","link":"https:\/\/lightup.lv\/et\/tootekataloog\/pusbara-kresls-glam-balts-bess\/","title":{"rendered":"Pusb\u0101ra kr\u0113sls GLAM balts\/b\u0113\u0161s"},"content":{"rendered":"<p><span data-sheets-value=\"{&quot;1&quot;:2,&quot;2&quot;:&quot;Kr\u0101sa: Balta\/B\u0113\u0161anMateri\u0101ls: AudumsnKr\u0113sla k\u0101ju materi\u0101ls: Met\u0101ls\/t\u0113raudsnSakraujams viens uz otra: N\u0113nKr\u0113sla augstums: 96 cmnKr\u0113sla platums: 49 cmnKr\u0113sla dzi\u013cums: 58 cmnS\u0113des augstums: 67 cmnS\u0113des dzi\u013cums: 41.50 cmnSvars neto: 6.5 kg&quot;}\" data-sheets-userformat=\"{&quot;2&quot;:769,&quot;3&quot;:{&quot;1&quot;:0},&quot;11&quot;:3,&quot;12&quot;:0}\">Kr\u0101sa: Balta\/B\u0113\u0161a<br \/>\nMaterjal: kangas<br \/>\nTooli jalgade materjal: metall\/teras<br \/>\nVirnastatav: Ei<br \/>\nKr\u0113sla augstums: 96 cm<br \/>\nKr\u0113sla platums: 49 cm<br \/>\nKr\u0113sla dzi\u013cums: 58 cm<br \/>\nS\u0113des augstums: 67 cm<br \/>\nS\u0113des dzi\u013cums: 41.50 cm<br \/>\nSvars neto: 6.5 kg<\/span><\/p>\n<p>ID 300206106<\/p>","protected":false},"excerpt":{"rendered":"<p><span data-sheets-value=\"{&quot;1&quot;:2,&quot;2&quot;:&quot;\u0112rts un stil\u012bgs. \u0160is kr\u0113sls ir letes augstum\u0101 un labi iederas pie virtuves galda virsm\u0101m vai zem\u0101jiem b\u0101ra galdiem. GLAM kolekcija sast\u0101v no kr\u0113sliem, b\u0101ra kr\u0113sliem un letes kr\u0113sliem.&quot;}\" data-sheets-userformat=\"{&quot;2&quot;:769,&quot;3&quot;:{&quot;1&quot;:0},&quot;11&quot;:3,&quot;12&quot;:0}\">\u0112rts un stil\u012bgs. \u0160is kr\u0113sls ir letes augstum\u0101 un labi iederas pie virtuves galda virsm\u0101m vai zem\u0101jiem b\u0101ra galdiem. GLAM kolekcija sast\u0101v no kr\u0113sliem, b\u0101ra kr\u0113sliem un letes kr\u0113sliem.<\/span><\/p>","protected":false},"featured_media":36914,"template":"","meta":{"_acf_changed":false},"product_brand":[],"product_cat":[28,38,41],"product_tag":[37],"class_list":{"0":"post-32031","1":"product","2":"type-product","3":"status-publish","4":"has-post-thumbnail","6":"product_cat-kresli","7":"product_cat-kresli-pie-galda","8":"product_cat-pusbara-kresli","9":"product_tag-dan-form","11":"first","12":"instock","13":"shipping-taxable","14":"purchasable","15":"product-type-simple"},"acf":[],"_links":{"self":[{"href":"https:\/\/lightup.lv\/et\/wp-json\/wp\/v2\/product\/32031","targetHints":{"allow":["GET"]}}],"collection":[{"href":"https:\/\/lightup.lv\/et\/wp-json\/wp\/v2\/product"}],"about":[{"href":"https:\/\/lightup.lv\/et\/wp-json\/wp\/v2\/types\/product"}],"wp:featuredmedia":[{"embeddable":true,"href":"https:\/\/lightup.lv\/et\/wp-json\/wp\/v2\/media\/36914"}],"wp:attachment":[{"href":"https:\/\/lightup.lv\/et\/wp-json\/wp\/v2\/media?parent=32031"}],"wp:term":[{"taxonomy":"product_brand","embeddable":true,"href":"https:\/\/lightup.lv\/et\/wp-json\/wp\/v2\/product_brand?post=32031"},{"taxonomy":"product_cat","embeddable":true,"href":"https:\/\/lightup.lv\/et\/wp-json\/wp\/v2\/product_cat?post=32031"},{"taxonomy":"product_tag","embeddable":true,"href":"https:\/\/lightup.lv\/et\/wp-json\/wp\/v2\/product_tag?post=32031"}],"curies":[{"name":"wp","href":"https:\/\/api.w.org\/{rel}","templated":true}]}}