{"id":32040,"date":"2022-05-29T17:47:17","date_gmt":"2022-05-29T15:47:17","guid":{"rendered":"https:\/\/lightup.lv\/precu-katalogs\/auduma-kresls-glee-gaisi-bruns-2\/"},"modified":"2025-05-17T11:49:41","modified_gmt":"2025-05-17T09:49:41","slug":"auduma-kresls-glee-gaisi-bruns-2","status":"publish","type":"product","link":"https:\/\/lightup.lv\/et\/tootekataloog\/auduma-kresls-glee-gaisi-bruns-2\/","title":{"rendered":"Auduma kr\u0113sls GLEE gai\u0161i br\u016bns"},"content":{"rendered":"<p><span data-sheets-value=\"{&quot;1&quot;:2,&quot;2&quot;:&quot;Kr\u0101sa: Gai\u0161i br\u016bnanMateri\u0101ls: AudumsnKr\u0113sla k\u0101ju materi\u0101ls: KoksnSakraujams viens uz otra: N\u0113nKr\u0113sla augstums: 78 cmnKr\u0113sla platums: 47 cmnKr\u0113sla dzi\u013cums: 56 cmnS\u0113des augstums: 46 cmnS\u0113des dzi\u013cums: 43 cmnSvars neto: 5.6 kg&quot;}\" data-sheets-userformat=\"{&quot;2&quot;:769,&quot;3&quot;:{&quot;1&quot;:0},&quot;11&quot;:3,&quot;12&quot;:0}\">Kr\u0101sa: Gai\u0161i br\u016bna<br \/>\nMaterjal: kangas<br \/>\nKr\u0113sla k\u0101ju materi\u0101ls: Koks<br \/>\nVirnastatav: Ei<br \/>\nKr\u0113sla augstums: 78 cm<br \/>\nKr\u0113sla platums: 47 cm<br \/>\nKr\u0113sla dzi\u013cums: 56 cm<br \/>\nIstme k\u00f5rgus: 46 cm<br \/>\nS\u0113des dzi\u013cums: 43 cm<br \/>\nSvars neto: 5.6 kg<\/span><\/p>\n<p>ID 100203109<\/p>","protected":false},"excerpt":{"rendered":"<p><span data-sheets-value=\"{&quot;1&quot;:2,&quot;2&quot;:&quot;Auduma s\u0113deklis un atzveltne ir l\u012bdz\u012bgas formas, ar nelielu izliekumu uz aug\u0161u. Kr\u0113sls ar finiera k\u0101j\u0101m. &quot;}\" data-sheets-userformat=\"{&quot;2&quot;:769,&quot;3&quot;:{&quot;1&quot;:0},&quot;11&quot;:3,&quot;12&quot;:0}\">Auduma s\u0113deklis un atzveltne ir l\u012bdz\u012bgas formas, ar nelielu izliekumu uz aug\u0161u. Kr\u0113sls ir ar finiera k\u0101j\u0101m. <\/span><\/p>","protected":false},"featured_media":35758,"template":"","meta":{"_acf_changed":false},"product_brand":[],"product_cat":[28,38],"product_tag":[37],"class_list":{"0":"post-32040","1":"product","2":"type-product","3":"status-publish","4":"has-post-thumbnail","6":"product_cat-kresli","7":"product_cat-kresli-pie-galda","8":"product_tag-dan-form","10":"first","11":"instock","12":"sale","13":"shipping-taxable","14":"purchasable","15":"product-type-simple"},"acf":[],"_links":{"self":[{"href":"https:\/\/lightup.lv\/et\/wp-json\/wp\/v2\/product\/32040","targetHints":{"allow":["GET"]}}],"collection":[{"href":"https:\/\/lightup.lv\/et\/wp-json\/wp\/v2\/product"}],"about":[{"href":"https:\/\/lightup.lv\/et\/wp-json\/wp\/v2\/types\/product"}],"wp:featuredmedia":[{"embeddable":true,"href":"https:\/\/lightup.lv\/et\/wp-json\/wp\/v2\/media\/35758"}],"wp:attachment":[{"href":"https:\/\/lightup.lv\/et\/wp-json\/wp\/v2\/media?parent=32040"}],"wp:term":[{"taxonomy":"product_brand","embeddable":true,"href":"https:\/\/lightup.lv\/et\/wp-json\/wp\/v2\/product_brand?post=32040"},{"taxonomy":"product_cat","embeddable":true,"href":"https:\/\/lightup.lv\/et\/wp-json\/wp\/v2\/product_cat?post=32040"},{"taxonomy":"product_tag","embeddable":true,"href":"https:\/\/lightup.lv\/et\/wp-json\/wp\/v2\/product_tag?post=32040"}],"curies":[{"name":"wp","href":"https:\/\/api.w.org\/{rel}","templated":true}]}}