{"id":32055,"date":"2022-05-29T18:48:38","date_gmt":"2022-05-29T16:48:38","guid":{"rendered":"https:\/\/lightup.lv\/precu-katalogs\/hype-auduma-kresls-balts-bess\/"},"modified":"2024-04-02T13:15:18","modified_gmt":"2024-04-02T11:15:18","slug":"hype-kangast-tool-valge-bass","status":"publish","type":"product","link":"https:\/\/lightup.lv\/et\/precu-katalogs\/hype-auduma-kresls-balts-bess\/","title":{"rendered":"HYPE kangast tool valge\/bee\u017e"},"content":{"rendered":"<p><span data-sheets-value=\"{&quot;1&quot;:2,&quot;2&quot;:&quot;Kr\u0101sa: Balta\/B\u0113\u0161anMateri\u0101ls: AudumsnKr\u0113sla k\u0101ju materi\u0101ls: Met\u0101ls\/t\u0113raudsnSakraujams viens uz otra: N\u0113nKr\u0113sla augstums: 80 cmnKr\u0113sla platums: 52 cmnKr\u0113sla dzi\u013cums: 58 cmnS\u0113des augstums: 46 cmnS\u0113des dzi\u013cums: 44 cmnSvars neto: 5.8 kg&quot;}\" data-sheets-userformat=\"{&quot;2&quot;:769,&quot;3&quot;:{&quot;1&quot;:0},&quot;11&quot;:3,&quot;12&quot;:0}\">V\u00e4rv: valge\/bee\u017e<br \/>\nMaterjal: kangas<br \/>\nTooli jalgade materjal: metall\/teras<br \/>\nVirnastatav: Ei<br \/>\nTooli k\u00f5rgus: 80 cm<br \/>\nTooli laius: 52 cm<br \/>\nTooli s\u00fcgavus: 58 cm<br \/>\nIstme k\u00f5rgus: 46 cm<br \/>\nIstme s\u00fcgavus: 44 cm<br \/>\nNetokaal: 5,8 kg<\/span><\/p>\n<p>ID 100690665<\/p>","protected":false},"excerpt":{"rendered":"<p><span data-sheets-value=\"{&quot;1&quot;:2,&quot;2&quot;:&quot;HYPE kolekcijas ikonisks s\u0113dek\u013ca siluets ar beisbola bumbas \u0161uv\u0113m. Polster\u0113tajam s\u0113deklim ir lielisks s\u0113d\u0113\u0161anas komforts, un elegantais, modernais dizains padara \u0161o kr\u0113slu \u013coti popul\u0101ru. Pati forma ir vienk\u0101r\u0161a ar malu, un tas pier\u0101da, ka labs dizains patiesi sl\u0113pjas deta\u013c\u0101s. HYPE KOLEKCIJA sast\u0101v no kr\u0113sliem, soliem, b\u0101ra kr\u0113sliem, letes kr\u0113sliem un biroja kr\u0113sliem.&quot;}\" data-sheets-userformat=\"{&quot;2&quot;:769,&quot;3&quot;:{&quot;1&quot;:0},&quot;11&quot;:3,&quot;12&quot;:0}\">HYPE kollektsiooni ikooniline istmesiluett pesapalli\u00f5mblustega. Polsterdatud iste pakub suurep\u00e4rast istumismugavust ning elegantne ja moodne disain muudab selle tooli v\u00e4ga populaarseks. Kuju ise on lihtne ja terav, mis t\u00f5estab, et hea disain peitub t\u00f5epoolest detailides. HYPE COLLECTION koosneb toolidest, pinkidest, baaritoolidest, baariletitoolidest ja kontoritoolidest.<\/span><\/p>","protected":false},"featured_media":15583,"template":"","meta":{"_acf_changed":false},"product_brand":[],"product_cat":[28,38],"product_tag":[37],"class_list":{"0":"post-32055","1":"product","2":"type-product","3":"status-publish","4":"has-post-thumbnail","6":"product_cat-kresli","7":"product_cat-kresli-pie-galda","8":"product_tag-dan-form","10":"first","11":"instock","12":"sale","13":"shipping-taxable","14":"purchasable","15":"product-type-simple"},"acf":[],"_links":{"self":[{"href":"https:\/\/lightup.lv\/et\/wp-json\/wp\/v2\/product\/32055","targetHints":{"allow":["GET"]}}],"collection":[{"href":"https:\/\/lightup.lv\/et\/wp-json\/wp\/v2\/product"}],"about":[{"href":"https:\/\/lightup.lv\/et\/wp-json\/wp\/v2\/types\/product"}],"wp:featuredmedia":[{"embeddable":true,"href":"https:\/\/lightup.lv\/et\/wp-json\/wp\/v2\/media\/15583"}],"wp:attachment":[{"href":"https:\/\/lightup.lv\/et\/wp-json\/wp\/v2\/media?parent=32055"}],"wp:term":[{"taxonomy":"product_brand","embeddable":true,"href":"https:\/\/lightup.lv\/et\/wp-json\/wp\/v2\/product_brand?post=32055"},{"taxonomy":"product_cat","embeddable":true,"href":"https:\/\/lightup.lv\/et\/wp-json\/wp\/v2\/product_cat?post=32055"},{"taxonomy":"product_tag","embeddable":true,"href":"https:\/\/lightup.lv\/et\/wp-json\/wp\/v2\/product_tag?post=32055"}],"curies":[{"name":"t\u00f6\u00f6leht","href":"https:\/\/api.w.org\/{rel}","templated":true}]}}