{"id":32093,"date":"2022-05-30T18:03:06","date_gmt":"2022-05-30T16:03:06","guid":{"rendered":"https:\/\/lightup.lv\/precu-katalogs\/bara-kresls-paragon-gaisi-bruns\/"},"modified":"2025-05-23T15:39:13","modified_gmt":"2025-05-23T13:39:13","slug":"bara-kresls-paragon-gaisi-bruns","status":"publish","type":"product","link":"https:\/\/lightup.lv\/et\/tootekataloog\/bara-kresls-paragon-gaisi-bruns\/","title":{"rendered":"B\u0101ra kr\u0113sls PARAGON gai\u0161i br\u016bns"},"content":{"rendered":"<p><span data-sheets-value=\"{&quot;1&quot;:2,&quot;2&quot;:&quot;Kr\u0101sa: Gai\u0161i br\u016bnanMateri\u0101ls: AudumsnKr\u0113sla k\u0101ju materi\u0101ls: OsisnSakraujams viens uz otra: N\u0113nKr\u0113sla augstums: 104 cmnKr\u0113sla platums: 56 cmnKr\u0113sla dzi\u013cums: 49 cmnS\u0113des augstums: 77 cmnSvars neto: 9.1 kg&quot;}\" data-sheets-userformat=\"{&quot;2&quot;:769,&quot;3&quot;:{&quot;1&quot;:0},&quot;11&quot;:3,&quot;12&quot;:0}\">Kr\u0101sa: Gai\u0161i br\u016bna<br \/>\nMaterjal: kangas<br \/>\nKr\u0113sla k\u0101ju materi\u0101ls: Osis<br \/>\nVirnastatav: Ei<br \/>\nKr\u0113sla augstums: 104 cm<br \/>\nKr\u0113sla platums: 56 cm<br \/>\nKr\u0113sla dzi\u013cums: 49 cm<br \/>\nS\u0113des augstums: 77 cm<br \/>\nSvars neto: 9.1 kg<\/span><\/p>\n<p>ID 200201106<\/p>","protected":false},"excerpt":{"rendered":"<p><span data-sheets-value=\"{&quot;1&quot;:2,&quot;2&quot;:&quot;Pl\u0101ns, bet izliekts s\u0113deklis un atzveltne ir uzst\u0101d\u012bti uz met\u0101la r\u0101mja ar izsmalcin\u0101t\u0101m o\u0161a k\u0101j\u0101m, atst\u0101jot nelielu atstarpi starp k\u0101j\u0101m un s\u0113dekli, lai s\u0113deklis izskat\u012btos peldo\u0161s. K\u0101jas iestiepjas kr\u0113sla atzveltn\u0113, lai ieg\u016btu izteiksm\u012bgu, elegantu izskatu. PARAGON kolekcija sast\u0101v no kr\u0113sliem, b\u0101ra un letes kr\u0113sliem.&quot;}\" data-sheets-userformat=\"{&quot;2&quot;:769,&quot;3&quot;:{&quot;1&quot;:0},&quot;11&quot;:3,&quot;12&quot;:0}\">Pl\u0101ns, bet izliekts s\u0113deklis un atzveltne ir uzst\u0101d\u012bti uz met\u0101la r\u0101mja ar izsmalcin\u0101t\u0101m o\u0161a k\u0101j\u0101m, atst\u0101jot nelielu atstarpi starp k\u0101j\u0101m un s\u0113dekli, lai s\u0113deklis izskat\u012btos peldo\u0161s. K\u0101jas iestiepjas kr\u0113sla atzveltn\u0113, lai ieg\u016btu izteiksm\u012bgu, elegantu izskatu. PARAGON kolekcija sast\u0101v no kr\u0113sliem, b\u0101ra un letes kr\u0113sliem.<\/span><\/p>","protected":false},"featured_media":35765,"template":"","meta":{"_acf_changed":false},"product_brand":[],"product_cat":[28,29],"product_tag":[37],"class_list":{"0":"post-32093","1":"product","2":"type-product","3":"status-publish","4":"has-post-thumbnail","6":"product_cat-kresli","7":"product_cat-bara-kresli","8":"product_tag-dan-form","10":"first","11":"instock","12":"shipping-taxable","13":"purchasable","14":"product-type-simple"},"acf":[],"_links":{"self":[{"href":"https:\/\/lightup.lv\/et\/wp-json\/wp\/v2\/product\/32093","targetHints":{"allow":["GET"]}}],"collection":[{"href":"https:\/\/lightup.lv\/et\/wp-json\/wp\/v2\/product"}],"about":[{"href":"https:\/\/lightup.lv\/et\/wp-json\/wp\/v2\/types\/product"}],"wp:featuredmedia":[{"embeddable":true,"href":"https:\/\/lightup.lv\/et\/wp-json\/wp\/v2\/media\/35765"}],"wp:attachment":[{"href":"https:\/\/lightup.lv\/et\/wp-json\/wp\/v2\/media?parent=32093"}],"wp:term":[{"taxonomy":"product_brand","embeddable":true,"href":"https:\/\/lightup.lv\/et\/wp-json\/wp\/v2\/product_brand?post=32093"},{"taxonomy":"product_cat","embeddable":true,"href":"https:\/\/lightup.lv\/et\/wp-json\/wp\/v2\/product_cat?post=32093"},{"taxonomy":"product_tag","embeddable":true,"href":"https:\/\/lightup.lv\/et\/wp-json\/wp\/v2\/product_tag?post=32093"}],"curies":[{"name":"wp","href":"https:\/\/api.w.org\/{rel}","templated":true}]}}