{"id":32100,"date":"2022-05-31T11:48:09","date_gmt":"2022-05-31T09:48:09","guid":{"rendered":"https:\/\/lightup.lv\/precu-katalogs\/kresls-roost-peleks\/"},"modified":"2025-09-17T11:18:48","modified_gmt":"2025-09-17T09:18:48","slug":"roost-tool-hall","status":"publish","type":"product","link":"https:\/\/lightup.lv\/et\/precu-katalogs\/kresls-roost-peleks\/","title":{"rendered":"Tool ROOST hall"},"content":{"rendered":"<p>V\u00e4rv: hall<br \/>\nMaterjal: Kunstnahk<br \/>\nTooli jalgade materjal: teras\/metall<br \/>\nVirnastatav: Ei<br \/>\nTooli k\u00f5rgus: 82 cm<br \/>\nTooli laius: 53 cm<br \/>\nTooli s\u00fcgavus: 56 cm<br \/>\nIstme k\u00f5rgus: 52 cm<br \/>\nIstme s\u00fcgavus: 44 cm<br \/>\nNetokaal: 6,5 kg<\/p>\n<p>ID 100360102<\/p>","protected":false},"excerpt":{"rendered":"<p>ROOST toolil on nii palju kauneid detaile, alates jalgadest, mis moodustavad seljatoes A-t\u00e4he, kuni dekoratiivsete vertikaalsete \u00f5mblusteni seljatoe sisek\u00fcljel.<\/p>","protected":false},"featured_media":35920,"template":"","meta":{"_acf_changed":false},"product_brand":[],"product_cat":[28,213],"product_tag":[37],"class_list":{"0":"post-32100","1":"product","2":"type-product","3":"status-publish","4":"has-post-thumbnail","6":"product_cat-kresli","7":"product_cat-salona-pieejams","8":"product_tag-dan-form","10":"first","11":"instock","12":"shipping-taxable","13":"purchasable","14":"product-type-simple"},"acf":[],"_links":{"self":[{"href":"https:\/\/lightup.lv\/et\/wp-json\/wp\/v2\/product\/32100","targetHints":{"allow":["GET"]}}],"collection":[{"href":"https:\/\/lightup.lv\/et\/wp-json\/wp\/v2\/product"}],"about":[{"href":"https:\/\/lightup.lv\/et\/wp-json\/wp\/v2\/types\/product"}],"wp:featuredmedia":[{"embeddable":true,"href":"https:\/\/lightup.lv\/et\/wp-json\/wp\/v2\/media\/35920"}],"wp:attachment":[{"href":"https:\/\/lightup.lv\/et\/wp-json\/wp\/v2\/media?parent=32100"}],"wp:term":[{"taxonomy":"product_brand","embeddable":true,"href":"https:\/\/lightup.lv\/et\/wp-json\/wp\/v2\/product_brand?post=32100"},{"taxonomy":"product_cat","embeddable":true,"href":"https:\/\/lightup.lv\/et\/wp-json\/wp\/v2\/product_cat?post=32100"},{"taxonomy":"product_tag","embeddable":true,"href":"https:\/\/lightup.lv\/et\/wp-json\/wp\/v2\/product_tag?post=32100"}],"curies":[{"name":"t\u00f6\u00f6leht","href":"https:\/\/api.w.org\/{rel}","templated":true}]}}