{"id":3240,"date":"2020-04-22T15:05:10","date_gmt":"2020-04-22T15:05:10","guid":{"rendered":"https:\/\/lightup.lv\/product\/edamgalds-ara-terasei-vai-kafejnicai-nimes-3\/"},"modified":"2024-01-29T11:13:33","modified_gmt":"2024-01-29T11:13:33","slug":"soogilaud-valiterrassile-voi-kohvikuruumi-3","status":"publish","type":"product","link":"https:\/\/lightup.lv\/et\/precu-katalogs\/edamgalds-ara-terasei-vai-kafejnicai-nimes-3\/","title":{"rendered":"S\u00f6\u00f6gilaud v\u00e4literrassile v\u00f5i kohvikusse N\u00eemes&#039;is"},"content":{"rendered":"<p>V\u00e4rv: helehall\/tumehall<br \/>\nPikkus: 78 cm<br \/>\nLaius: 78 cm<br \/>\nK\u00f5rgus: 73 cm<br \/>\nS\u00f6\u00f6gilaud v\u00e4literrassile v\u00f5i kohvikusse N\u00eemes&#039;is.<\/p>\n<p>ID 3107-21<\/p>","protected":false},"excerpt":{"rendered":"<p>S\u00f6\u00f6gi- ja kohvikulaudade sari stiilsete soonikkoes lauaplaatide ja kooniliste \u00fcmarate jalgadega. Kollektsioon on valmistatud ainulaadse tehnika abil, mis tagab heli neelava lauaplaadi.<\/p>","protected":false},"featured_media":3241,"template":"","meta":{"_acf_changed":false},"product_brand":[],"product_cat":[57,50],"product_tag":[52],"class_list":{"0":"post-3240","1":"product","2":"type-product","3":"status-publish","4":"has-post-thumbnail","6":"product_cat-galdi-terases-mebeles","7":"product_cat-terases-mebeles","8":"product_tag-brafab","10":"first","11":"instock","12":"shipping-taxable","13":"purchasable","14":"product-type-simple"},"acf":[],"_links":{"self":[{"href":"https:\/\/lightup.lv\/et\/wp-json\/wp\/v2\/product\/3240","targetHints":{"allow":["GET"]}}],"collection":[{"href":"https:\/\/lightup.lv\/et\/wp-json\/wp\/v2\/product"}],"about":[{"href":"https:\/\/lightup.lv\/et\/wp-json\/wp\/v2\/types\/product"}],"wp:featuredmedia":[{"embeddable":true,"href":"https:\/\/lightup.lv\/et\/wp-json\/wp\/v2\/media\/3241"}],"wp:attachment":[{"href":"https:\/\/lightup.lv\/et\/wp-json\/wp\/v2\/media?parent=3240"}],"wp:term":[{"taxonomy":"product_brand","embeddable":true,"href":"https:\/\/lightup.lv\/et\/wp-json\/wp\/v2\/product_brand?post=3240"},{"taxonomy":"product_cat","embeddable":true,"href":"https:\/\/lightup.lv\/et\/wp-json\/wp\/v2\/product_cat?post=3240"},{"taxonomy":"product_tag","embeddable":true,"href":"https:\/\/lightup.lv\/et\/wp-json\/wp\/v2\/product_tag?post=3240"}],"curies":[{"name":"t\u00f6\u00f6leht","href":"https:\/\/api.w.org\/{rel}","templated":true}]}}