{"id":33195,"date":"2024-06-12T15:10:25","date_gmt":"2024-06-12T13:10:25","guid":{"rendered":"https:\/\/lightup.lv\/?post_type=product&#038;p=33195"},"modified":"2025-12-01T15:48:47","modified_gmt":"2025-12-01T13:48:47","slug":"margot-iekaram","status":"publish","type":"product","link":"https:\/\/lightup.lv\/et\/tootekataloog\/margot-iekaram\/","title":{"rendered":"Margot iekarin\u0101ma lampa"},"content":{"rendered":"<p>LED MODULE \u00a0x 19W &#8211; 1160 Lm<br \/>\nIP-kood: IP20<br \/>\n\u00d8: 220<br \/>\nA: 2215<br \/>\nPinge: 220\u2013240 V vahelduvvool<br \/>\nKr\u0101sa: Melna\/zelta<br \/>\nMateri\u0101ls: Alum\u012bnijs \/ Elektrostatiski kr\u0101sots t\u0113rauds\/akrils<\/p>\n<p>ID 4311500<\/p>","protected":false},"excerpt":{"rendered":"<p>Viokef pakub laia valikut valgusteid \u2013 nii modernseid kui ka klassikalisi \u2013, mis sobivad ideaalselt sisekujundusega. LightUp on Viokefi kaubam\u00e4rgi otseturustaja, mist\u00f5ttu saame pakkuda nii atraktiivseid hindu. P\u00f6\u00f6rame erilist t\u00e4helepanu kvaliteedile. Hoolitseme toodete eest ja kontrollime neid alates hetkest, kui need tehasest tellitakse, kuni lattu transportimiseni. Seej\u00e4rel pakime need hoolikalt ja saadame kliendile.<\/p>","protected":false},"featured_media":33200,"template":"","meta":{"_acf_changed":false},"product_brand":[],"product_cat":[42,221,43,213],"product_tag":[105],"class_list":{"0":"post-33195","1":"product","2":"type-product","3":"status-publish","4":"has-post-thumbnail","6":"product_cat-apgaismojums","7":"product_cat-atlaizu-preces","8":"product_cat-piekaramas-lustras","9":"product_cat-salona-pieejams","10":"product_tag-viokef","12":"first","13":"instock","14":"sale","15":"shipping-taxable","16":"purchasable","17":"product-type-simple"},"acf":[],"_links":{"self":[{"href":"https:\/\/lightup.lv\/et\/wp-json\/wp\/v2\/product\/33195","targetHints":{"allow":["GET"]}}],"collection":[{"href":"https:\/\/lightup.lv\/et\/wp-json\/wp\/v2\/product"}],"about":[{"href":"https:\/\/lightup.lv\/et\/wp-json\/wp\/v2\/types\/product"}],"wp:featuredmedia":[{"embeddable":true,"href":"https:\/\/lightup.lv\/et\/wp-json\/wp\/v2\/media\/33200"}],"wp:attachment":[{"href":"https:\/\/lightup.lv\/et\/wp-json\/wp\/v2\/media?parent=33195"}],"wp:term":[{"taxonomy":"product_brand","embeddable":true,"href":"https:\/\/lightup.lv\/et\/wp-json\/wp\/v2\/product_brand?post=33195"},{"taxonomy":"product_cat","embeddable":true,"href":"https:\/\/lightup.lv\/et\/wp-json\/wp\/v2\/product_cat?post=33195"},{"taxonomy":"product_tag","embeddable":true,"href":"https:\/\/lightup.lv\/et\/wp-json\/wp\/v2\/product_tag?post=33195"}],"curies":[{"name":"wp","href":"https:\/\/api.w.org\/{rel}","templated":true}]}}