{"id":33209,"date":"2024-06-14T09:48:36","date_gmt":"2024-06-14T07:48:36","guid":{"rendered":"https:\/\/lightup.lv\/?post_type=product&#038;p=33209"},"modified":"2025-12-01T15:55:29","modified_gmt":"2025-12-01T13:55:29","slug":"light-avery-iekarinama-lampa","status":"publish","type":"product","link":"https:\/\/lightup.lv\/et\/tootekataloog\/light-avery-iekarinama-lampa\/","title":{"rendered":"Light Avery iekarin\u0101ma lampa"},"content":{"rendered":"<p>LED MODULE \u00a0x 18W &#8211; 1169 Lm<br \/>\nIP-kood: IP20<br \/>\n\u00d8: 320<br \/>\nV: 1500<br \/>\nPinge: 220\u2013240 V vahelduvvool<br \/>\nKr\u0101sa: Balta\/Melna<br \/>\nMateri\u0101ls: Stikls\/Op\u0101la stikls\/Elektrostatiski kr\u0101sots t\u0113rauds<\/p>\n<p>ID 4302500<\/p>","protected":false},"excerpt":{"rendered":"<p>Viokef pakub laia valikut valgusteid \u2013 nii modernseid kui ka klassikalisi \u2013, mis sobivad ideaalselt sisekujundusega. LightUp on Viokefi kaubam\u00e4rgi otseturustaja, mist\u00f5ttu saame pakkuda nii atraktiivseid hindu. P\u00f6\u00f6rame erilist t\u00e4helepanu kvaliteedile. Hoolitseme toodete eest ja kontrollime neid alates hetkest, kui need tehasest tellitakse, kuni lattu transportimiseni. Seej\u00e4rel pakime need hoolikalt ja saadame kliendile.<\/p>","protected":false},"featured_media":33210,"template":"","meta":{"_acf_changed":false},"product_brand":[],"product_cat":[42,221,43,213],"product_tag":[105],"class_list":{"0":"post-33209","1":"product","2":"type-product","3":"status-publish","4":"has-post-thumbnail","6":"product_cat-apgaismojums","7":"product_cat-atlaizu-preces","8":"product_cat-piekaramas-lustras","9":"product_cat-salona-pieejams","10":"product_tag-viokef","12":"first","13":"instock","14":"sale","15":"shipping-taxable","16":"purchasable","17":"product-type-simple"},"acf":[],"_links":{"self":[{"href":"https:\/\/lightup.lv\/et\/wp-json\/wp\/v2\/product\/33209","targetHints":{"allow":["GET"]}}],"collection":[{"href":"https:\/\/lightup.lv\/et\/wp-json\/wp\/v2\/product"}],"about":[{"href":"https:\/\/lightup.lv\/et\/wp-json\/wp\/v2\/types\/product"}],"wp:featuredmedia":[{"embeddable":true,"href":"https:\/\/lightup.lv\/et\/wp-json\/wp\/v2\/media\/33210"}],"wp:attachment":[{"href":"https:\/\/lightup.lv\/et\/wp-json\/wp\/v2\/media?parent=33209"}],"wp:term":[{"taxonomy":"product_brand","embeddable":true,"href":"https:\/\/lightup.lv\/et\/wp-json\/wp\/v2\/product_brand?post=33209"},{"taxonomy":"product_cat","embeddable":true,"href":"https:\/\/lightup.lv\/et\/wp-json\/wp\/v2\/product_cat?post=33209"},{"taxonomy":"product_tag","embeddable":true,"href":"https:\/\/lightup.lv\/et\/wp-json\/wp\/v2\/product_tag?post=33209"}],"curies":[{"name":"wp","href":"https:\/\/api.w.org\/{rel}","templated":true}]}}