{"id":33226,"date":"2024-06-14T10:46:31","date_gmt":"2024-06-14T08:46:31","guid":{"rendered":"https:\/\/lightup.lv\/?post_type=product&#038;p=33226"},"modified":"2024-06-14T13:25:53","modified_gmt":"2024-06-14T11:25:53","slug":"glint-piekarinama-lampa","status":"publish","type":"product","link":"https:\/\/lightup.lv\/et\/tootekataloog\/glint-piekarinama-lampa\/","title":{"rendered":"Glint iekarin\u0101ma lampa"},"content":{"rendered":"<p>LED<br \/>\n36W<br \/>\nK: 3000<br \/>\n\u00d8: 800<br \/>\nA: 1200<br \/>\nV\u00e4rv: must<br \/>\nMaterjal: alumiinium<\/p>\n<p>ID MOD072PL-L36B3K1<\/p>","protected":false},"excerpt":{"rendered":"<p>Maytoni on selles valdkonnas uus, iga kiire, iga virvenduse, iga l\u00e4\u00e4tse ja iga peegeldusega loob Maytoni t\u00e4nap\u00e4eva mugava \u00f5hkkonna. Luues visuaalse keskkonna, kus tasub nautida parimaid hetki, objekte ja seej\u00e4rel v\u00e4rve. Maytoni v\u00f5tab vastu valguse mitmekesisuse v\u00e4ljakutse, et luua parem elu. Maytoni disain on p\u00e4lvinud laia valiku rahvusvahelisi sise- ja t\u00f6\u00f6stusdisaini auhindu.<\/p>","protected":false},"featured_media":33230,"template":"","meta":{"_acf_changed":false},"product_brand":[],"product_cat":[42,43],"product_tag":[82],"class_list":{"0":"post-33226","1":"product","2":"type-product","3":"status-publish","4":"has-post-thumbnail","6":"product_cat-apgaismojums","7":"product_cat-piekaramas-lustras","8":"product_tag-maytoni","10":"first","11":"instock","12":"shipping-taxable","13":"purchasable","14":"product-type-simple"},"acf":[],"_links":{"self":[{"href":"https:\/\/lightup.lv\/et\/wp-json\/wp\/v2\/product\/33226","targetHints":{"allow":["GET"]}}],"collection":[{"href":"https:\/\/lightup.lv\/et\/wp-json\/wp\/v2\/product"}],"about":[{"href":"https:\/\/lightup.lv\/et\/wp-json\/wp\/v2\/types\/product"}],"wp:featuredmedia":[{"embeddable":true,"href":"https:\/\/lightup.lv\/et\/wp-json\/wp\/v2\/media\/33230"}],"wp:attachment":[{"href":"https:\/\/lightup.lv\/et\/wp-json\/wp\/v2\/media?parent=33226"}],"wp:term":[{"taxonomy":"product_brand","embeddable":true,"href":"https:\/\/lightup.lv\/et\/wp-json\/wp\/v2\/product_brand?post=33226"},{"taxonomy":"product_cat","embeddable":true,"href":"https:\/\/lightup.lv\/et\/wp-json\/wp\/v2\/product_cat?post=33226"},{"taxonomy":"product_tag","embeddable":true,"href":"https:\/\/lightup.lv\/et\/wp-json\/wp\/v2\/product_tag?post=33226"}],"curies":[{"name":"wp","href":"https:\/\/api.w.org\/{rel}","templated":true}]}}