{"id":33637,"date":"2024-06-28T10:31:17","date_gmt":"2024-06-28T08:31:17","guid":{"rendered":"https:\/\/lightup.lv\/?post_type=product&#038;p=33637"},"modified":"2025-08-13T14:02:16","modified_gmt":"2025-08-13T12:02:16","slug":"ball-wall-ii-dzeltena-sienas-lampa","status":"publish","type":"product","link":"https:\/\/lightup.lv\/et\/precu-katalogs\/ball-wall-ii-dzeltena-sienas-lampa\/","title":{"rendered":"BALL II dzeltena sienas lampa"},"content":{"rendered":"<p>1 x maksimaalselt 10 W LED<br \/>\nPirn: E14<br \/>\nP: 150<br \/>\nA: 150<br \/>\nD: 170<br \/>\nV\u00e4rv: kollane<br \/>\nMaterjal: Metall \/ Klaas<\/p>\n<p>ID 1126C14_S<\/p>","protected":false},"excerpt":{"rendered":"<p>Aldexil on \u00fcle 40 aasta kogemust valgustite tootmises ja m\u00fc\u00fcgis. Br\u00e4ndi tugevusteks on kaasaegsed tehnoloogilised seadmed ja uusimate trendide j\u00e4rgimine.<\/p>","protected":false},"featured_media":33638,"template":"","meta":{"_acf_changed":false},"product_brand":[],"product_cat":[42,49],"product_tag":[214],"class_list":{"0":"post-33637","1":"product","2":"type-product","3":"status-publish","4":"has-post-thumbnail","6":"product_cat-apgaismojums","7":"product_cat-sienas-lampas","8":"product_tag-aldex","10":"first","11":"instock","12":"shipping-taxable","13":"purchasable","14":"product-type-simple"},"acf":[],"_links":{"self":[{"href":"https:\/\/lightup.lv\/et\/wp-json\/wp\/v2\/product\/33637","targetHints":{"allow":["GET"]}}],"collection":[{"href":"https:\/\/lightup.lv\/et\/wp-json\/wp\/v2\/product"}],"about":[{"href":"https:\/\/lightup.lv\/et\/wp-json\/wp\/v2\/types\/product"}],"wp:featuredmedia":[{"embeddable":true,"href":"https:\/\/lightup.lv\/et\/wp-json\/wp\/v2\/media\/33638"}],"wp:attachment":[{"href":"https:\/\/lightup.lv\/et\/wp-json\/wp\/v2\/media?parent=33637"}],"wp:term":[{"taxonomy":"product_brand","embeddable":true,"href":"https:\/\/lightup.lv\/et\/wp-json\/wp\/v2\/product_brand?post=33637"},{"taxonomy":"product_cat","embeddable":true,"href":"https:\/\/lightup.lv\/et\/wp-json\/wp\/v2\/product_cat?post=33637"},{"taxonomy":"product_tag","embeddable":true,"href":"https:\/\/lightup.lv\/et\/wp-json\/wp\/v2\/product_tag?post=33637"}],"curies":[{"name":"t\u00f6\u00f6leht","href":"https:\/\/api.w.org\/{rel}","templated":true}]}}