{"id":33658,"date":"2024-06-28T11:42:11","date_gmt":"2024-06-28T09:42:11","guid":{"rendered":"https:\/\/lightup.lv\/?post_type=product&#038;p=33658"},"modified":"2024-07-01T09:39:55","modified_gmt":"2024-07-01T07:39:55","slug":"una-2-iekarama-lampa","status":"publish","type":"product","link":"https:\/\/lightup.lv\/et\/precu-katalogs\/una-2-iekarama-lampa\/","title":{"rendered":"UNA 2 iekarin\u0101ma lampa"},"content":{"rendered":"<p>2 x max 10W LED-i<br \/>\nPirn: E14<br \/>\nP: 840<br \/>\nA: 2500<br \/>\nD: 140<br \/>\nV\u00e4rv: Korall<br \/>\nMaterjal: Metall\/Klaas<\/p>\n<p>ID 1116H11<\/p>","protected":false},"excerpt":{"rendered":"<p>Aldexil on \u00fcle 40 aasta kogemust valgustite tootmises ja m\u00fc\u00fcgis. Br\u00e4ndi tugevusteks on kaasaegsed tehnoloogilised seadmed ja uusimate trendide j\u00e4rgimine.<\/p>","protected":false},"featured_media":33659,"template":"","meta":{"_acf_changed":false},"product_brand":[],"product_cat":[42,54],"product_tag":[214],"class_list":{"0":"post-33658","1":"product","2":"type-product","3":"status-publish","4":"has-post-thumbnail","6":"product_cat-apgaismojums","7":"product_cat-griestu-lampas","8":"product_tag-aldex","10":"first","11":"instock","12":"shipping-taxable","13":"purchasable","14":"product-type-simple"},"acf":[],"_links":{"self":[{"href":"https:\/\/lightup.lv\/et\/wp-json\/wp\/v2\/product\/33658","targetHints":{"allow":["GET"]}}],"collection":[{"href":"https:\/\/lightup.lv\/et\/wp-json\/wp\/v2\/product"}],"about":[{"href":"https:\/\/lightup.lv\/et\/wp-json\/wp\/v2\/types\/product"}],"wp:featuredmedia":[{"embeddable":true,"href":"https:\/\/lightup.lv\/et\/wp-json\/wp\/v2\/media\/33659"}],"wp:attachment":[{"href":"https:\/\/lightup.lv\/et\/wp-json\/wp\/v2\/media?parent=33658"}],"wp:term":[{"taxonomy":"product_brand","embeddable":true,"href":"https:\/\/lightup.lv\/et\/wp-json\/wp\/v2\/product_brand?post=33658"},{"taxonomy":"product_cat","embeddable":true,"href":"https:\/\/lightup.lv\/et\/wp-json\/wp\/v2\/product_cat?post=33658"},{"taxonomy":"product_tag","embeddable":true,"href":"https:\/\/lightup.lv\/et\/wp-json\/wp\/v2\/product_tag?post=33658"}],"curies":[{"name":"t\u00f6\u00f6leht","href":"https:\/\/api.w.org\/{rel}","templated":true}]}}