{"id":33719,"date":"2024-06-30T18:59:25","date_gmt":"2024-06-30T16:59:25","guid":{"rendered":"https:\/\/lightup.lv\/?post_type=product&#038;p=33719"},"modified":"2025-12-01T15:42:02","modified_gmt":"2025-12-01T13:42:02","slug":"ball-violeta-sienas-lampa","status":"publish","type":"product","link":"https:\/\/lightup.lv\/et\/tootekataloog\/ball-violeta-sienas-lampa\/","title":{"rendered":"BALL violeta sienas lampa"},"content":{"rendered":"<p>1 x maksimaalselt 10 W LED<br \/>\nPirn: E14<br \/>\nP: 140<br \/>\nA: 140<br \/>\nD: 170<br \/>\nKr\u0101sa: Violeta<br \/>\nMaterjal: Metall \/ Klaas<\/p>\n<p>ID 1076C13_S<\/p>","protected":false},"excerpt":{"rendered":"<p>Aldexil on \u00fcle 40 aasta kogemust valgustite tootmises ja m\u00fc\u00fcgis. Br\u00e4ndi tugevusteks on kaasaegsed tehnoloogilised seadmed ja uusimate trendide j\u00e4rgimine.<\/p>","protected":false},"featured_media":33720,"template":"","meta":{"_acf_changed":false},"product_brand":[],"product_cat":[42,221,213,49],"product_tag":[214],"class_list":{"0":"post-33719","1":"product","2":"type-product","3":"status-publish","4":"has-post-thumbnail","6":"product_cat-apgaismojums","7":"product_cat-atlaizu-preces","8":"product_cat-salona-pieejams","9":"product_cat-sienas-lampas","10":"product_tag-aldex","12":"first","13":"instock","14":"sale","15":"shipping-taxable","16":"purchasable","17":"product-type-simple"},"acf":[],"_links":{"self":[{"href":"https:\/\/lightup.lv\/et\/wp-json\/wp\/v2\/product\/33719","targetHints":{"allow":["GET"]}}],"collection":[{"href":"https:\/\/lightup.lv\/et\/wp-json\/wp\/v2\/product"}],"about":[{"href":"https:\/\/lightup.lv\/et\/wp-json\/wp\/v2\/types\/product"}],"wp:featuredmedia":[{"embeddable":true,"href":"https:\/\/lightup.lv\/et\/wp-json\/wp\/v2\/media\/33720"}],"wp:attachment":[{"href":"https:\/\/lightup.lv\/et\/wp-json\/wp\/v2\/media?parent=33719"}],"wp:term":[{"taxonomy":"product_brand","embeddable":true,"href":"https:\/\/lightup.lv\/et\/wp-json\/wp\/v2\/product_brand?post=33719"},{"taxonomy":"product_cat","embeddable":true,"href":"https:\/\/lightup.lv\/et\/wp-json\/wp\/v2\/product_cat?post=33719"},{"taxonomy":"product_tag","embeddable":true,"href":"https:\/\/lightup.lv\/et\/wp-json\/wp\/v2\/product_tag?post=33719"}],"curies":[{"name":"wp","href":"https:\/\/api.w.org\/{rel}","templated":true}]}}