{"id":33987,"date":"2024-07-08T14:42:53","date_gmt":"2024-07-08T12:42:53","guid":{"rendered":"https:\/\/lightup.lv\/?post_type=product&#038;p=33987"},"modified":"2025-12-01T15:40:03","modified_gmt":"2025-12-01T13:40:03","slug":"bora-piekarama-lampa","status":"publish","type":"product","link":"https:\/\/lightup.lv\/et\/tootekataloog\/bora-piekarama-lampa\/","title":{"rendered":"BORA piekaram\u0101 lampa"},"content":{"rendered":"<p>1 x 29W LED 3000K 1674LM<br \/>\nIP-kood: IP20<br \/>\nP: 126 cm<br \/>\nA: max 133 cm<br \/>\nKr\u0101sa: Melna + zelta<br \/>\nMaterjal: Metall \/ Klaas<br \/>\nKomplekt\u0101: LED baro\u0161anas bloks<\/p>\n<p>ID P0593<\/p>","protected":false},"excerpt":{"rendered":"<p>Maxlight on ettev\u00f5te, millel on \u00fcle k\u00fcmne aasta kogemust valgustite pakkumisel, mis \u00fcllatavad ja inspireerivad julgete disainide ja l\u00f5putute paigutusv\u00f5imalustega. Pakume erinevates stiilides valgusteid, mis sobivad igasse disaini.<\/p>","protected":false},"featured_media":33988,"template":"","meta":{"_acf_changed":false},"product_brand":[],"product_cat":[42,43,213],"product_tag":[44],"class_list":{"0":"post-33987","1":"product","2":"type-product","3":"status-publish","4":"has-post-thumbnail","6":"product_cat-apgaismojums","7":"product_cat-piekaramas-lustras","8":"product_cat-salona-pieejams","9":"product_tag-maxlight","11":"first","12":"instock","13":"shipping-taxable","14":"purchasable","15":"product-type-simple"},"acf":[],"_links":{"self":[{"href":"https:\/\/lightup.lv\/et\/wp-json\/wp\/v2\/product\/33987","targetHints":{"allow":["GET"]}}],"collection":[{"href":"https:\/\/lightup.lv\/et\/wp-json\/wp\/v2\/product"}],"about":[{"href":"https:\/\/lightup.lv\/et\/wp-json\/wp\/v2\/types\/product"}],"wp:featuredmedia":[{"embeddable":true,"href":"https:\/\/lightup.lv\/et\/wp-json\/wp\/v2\/media\/33988"}],"wp:attachment":[{"href":"https:\/\/lightup.lv\/et\/wp-json\/wp\/v2\/media?parent=33987"}],"wp:term":[{"taxonomy":"product_brand","embeddable":true,"href":"https:\/\/lightup.lv\/et\/wp-json\/wp\/v2\/product_brand?post=33987"},{"taxonomy":"product_cat","embeddable":true,"href":"https:\/\/lightup.lv\/et\/wp-json\/wp\/v2\/product_cat?post=33987"},{"taxonomy":"product_tag","embeddable":true,"href":"https:\/\/lightup.lv\/et\/wp-json\/wp\/v2\/product_tag?post=33987"}],"curies":[{"name":"wp","href":"https:\/\/api.w.org\/{rel}","templated":true}]}}