{"id":34007,"date":"2024-07-09T11:01:03","date_gmt":"2024-07-09T09:01:03","guid":{"rendered":"https:\/\/lightup.lv\/?post_type=product&#038;p=34007"},"modified":"2025-12-01T17:21:05","modified_gmt":"2025-12-01T15:21:05","slug":"pahklipuust-vorevoodi-tugitool","status":"publish","type":"product","link":"https:\/\/lightup.lv\/et\/precu-katalogs\/kresls-crib-valrieksts\/","title":{"rendered":"Tool CRIB, p\u00e4hklipuu"},"content":{"rendered":"<p>V\u00e4rv: must<br \/>\nMaterjal: kunstnahk, p\u00e4hklipuu vineer<br \/>\nTooli jalgade materjal: teras\/metall<br \/>\nVirnastatav: Ei<br \/>\nTooli k\u00f5rgus: 78,50 cm<br \/>\nTooli laius: 57 cm<br \/>\nTooli s\u00fcgavus: 54,5 cm<br \/>\nIstme k\u00f5rgus: 46 cm<br \/>\nNetokaal: 7,5 kg<\/p>\n<p>ID 100200650<\/p>","protected":false},"excerpt":{"rendered":"<p>CRIB tugitool \u00fchendab endas keskpaiga klassika ja kaasaegse tunde. Kaunid disainielemendid h\u00f5lmavad seestpoolt polsterdatud spoonist seljatuge, kaunilt kaardus k\u00e4etugedesse ulatuvat ja neid \u00fcmbritsevat seljatuge ning sihvakaid, kergelt koonilisi jalgu, mis annavad kerge ja elegantse ilme. CRIB COLLECTION koosneb s\u00f6\u00f6gitoolidest, baaritoolidest ja tugitoolidest.<\/p>","protected":false},"featured_media":34008,"template":"","meta":{"_acf_changed":false},"product_brand":[],"product_cat":[28,38,213],"product_tag":[37],"class_list":{"0":"post-34007","1":"product","2":"type-product","3":"status-publish","4":"has-post-thumbnail","6":"product_cat-kresli","7":"product_cat-kresli-pie-galda","8":"product_cat-salona-pieejams","9":"product_tag-dan-form","11":"first","12":"instock","13":"featured","14":"shipping-taxable","15":"purchasable","16":"product-type-simple"},"acf":[],"_links":{"self":[{"href":"https:\/\/lightup.lv\/et\/wp-json\/wp\/v2\/product\/34007","targetHints":{"allow":["GET"]}}],"collection":[{"href":"https:\/\/lightup.lv\/et\/wp-json\/wp\/v2\/product"}],"about":[{"href":"https:\/\/lightup.lv\/et\/wp-json\/wp\/v2\/types\/product"}],"wp:featuredmedia":[{"embeddable":true,"href":"https:\/\/lightup.lv\/et\/wp-json\/wp\/v2\/media\/34008"}],"wp:attachment":[{"href":"https:\/\/lightup.lv\/et\/wp-json\/wp\/v2\/media?parent=34007"}],"wp:term":[{"taxonomy":"product_brand","embeddable":true,"href":"https:\/\/lightup.lv\/et\/wp-json\/wp\/v2\/product_brand?post=34007"},{"taxonomy":"product_cat","embeddable":true,"href":"https:\/\/lightup.lv\/et\/wp-json\/wp\/v2\/product_cat?post=34007"},{"taxonomy":"product_tag","embeddable":true,"href":"https:\/\/lightup.lv\/et\/wp-json\/wp\/v2\/product_tag?post=34007"}],"curies":[{"name":"t\u00f6\u00f6leht","href":"https:\/\/api.w.org\/{rel}","templated":true}]}}