{"id":34047,"date":"2024-07-10T09:57:26","date_gmt":"2024-07-10T07:57:26","guid":{"rendered":"https:\/\/lightup.lv\/?post_type=product&#038;p=34047"},"modified":"2026-04-11T11:43:16","modified_gmt":"2026-04-11T09:43:16","slug":"piparmundi-tool","status":"publish","type":"product","link":"https:\/\/lightup.lv\/et\/precu-katalogs\/mentha-kresls\/","title":{"rendered":"Tool MENTHA"},"content":{"rendered":"<p>Tooli k\u00f5rgus: 80 cm<br \/>\nTooli laius: 50 cm<br \/>\nTooli s\u00fcgavus: 52 cm<br \/>\nIstme k\u00f5rgus: 45 cm<br \/>\n<span class=\"HwtZe\" lang=\"lv\"><span class=\"jCAhz JxVs2d ChMk0b\"><span class=\"ryNqvb\">Korpus: Taaskasutatud tehnopol\u00fcmeer, PCR<\/span><\/span><\/span><br \/>\n<span class=\"HwtZe\" lang=\"lv\"><span class=\"jCAhz JxVs2d ChMk0b\"><span class=\"ryNqvb\">V\u00e4rvivariatsioonid: roheline, valge, bee\u017e, roosa, hall<\/span><\/span><\/span><br \/>\n<span class=\"HwtZe\" lang=\"lv\"><span class=\"jCAhz JxVs2d ChMk0b\"><span class=\"ryNqvb\">Virnastatav: Jah<\/span><\/span><\/span><br \/>\n<span class=\"HwtZe\" lang=\"lv\"><span class=\"jCAhz JxVs2d ChMk0b\"><span class=\"ryNqvb\">Kasutamine: sise-\/v\u00e4listingimustes<\/span><\/span><\/span><\/p>\n<p>ID 2706<\/p>","protected":false},"excerpt":{"rendered":"<p><span class=\"HwtZe\" lang=\"lv\"><span class=\"jCAhz JxVs2d ChMk0b\"><span class=\"ryNqvb\">Keskkonnas\u00f5bralik jahedus ja mugavus.<\/span><\/span> <span class=\"jCAhz JxVs2d ChMk0b\"><span class=\"ryNqvb\">Archirivolto esimene koost\u00f6\u00f6projekt S-CAB-iga on visuaalne viide loodusmaailmale ja selle harmoonilistele ning atraktiivsetele joontele, milles \u00f6koloogiline teema leiab oma s\u00fcnteesi kergesti \u00e4ratuntaval kujul: lehena.<\/span><\/span> <span class=\"jCAhz JxVs2d ChMk0b\"><span class=\"ryNqvb\">Polsterdatud versioon sobib ideaalselt siseruumidesse, samas kui minimalistlik tehnopol\u00fcmeerist versioon sobib ka v\u00e4listingimustesse.<\/span><\/span><\/span><\/p>","protected":false},"featured_media":34048,"template":"","meta":{"_acf_changed":false},"product_brand":[],"product_cat":[28,38,51,213,50],"product_tag":[215],"class_list":{"0":"post-34047","1":"product","2":"type-product","3":"status-publish","4":"has-post-thumbnail","6":"product_cat-kresli","7":"product_cat-kresli-pie-galda","8":"product_cat-kresli-terases-mebeles","9":"product_cat-salona-pieejams","10":"product_cat-terases-mebeles","11":"product_tag-scab","13":"first","14":"instock","15":"shipping-taxable","16":"purchasable","17":"product-type-simple"},"acf":[],"_links":{"self":[{"href":"https:\/\/lightup.lv\/et\/wp-json\/wp\/v2\/product\/34047","targetHints":{"allow":["GET"]}}],"collection":[{"href":"https:\/\/lightup.lv\/et\/wp-json\/wp\/v2\/product"}],"about":[{"href":"https:\/\/lightup.lv\/et\/wp-json\/wp\/v2\/types\/product"}],"wp:featuredmedia":[{"embeddable":true,"href":"https:\/\/lightup.lv\/et\/wp-json\/wp\/v2\/media\/34048"}],"wp:attachment":[{"href":"https:\/\/lightup.lv\/et\/wp-json\/wp\/v2\/media?parent=34047"}],"wp:term":[{"taxonomy":"product_brand","embeddable":true,"href":"https:\/\/lightup.lv\/et\/wp-json\/wp\/v2\/product_brand?post=34047"},{"taxonomy":"product_cat","embeddable":true,"href":"https:\/\/lightup.lv\/et\/wp-json\/wp\/v2\/product_cat?post=34047"},{"taxonomy":"product_tag","embeddable":true,"href":"https:\/\/lightup.lv\/et\/wp-json\/wp\/v2\/product_tag?post=34047"}],"curies":[{"name":"t\u00f6\u00f6leht","href":"https:\/\/api.w.org\/{rel}","templated":true}]}}