{"id":34083,"date":"2024-07-11T10:45:40","date_gmt":"2024-07-11T08:45:40","guid":{"rendered":"https:\/\/lightup.lv\/?post_type=product&#038;p=34083"},"modified":"2026-05-14T16:02:50","modified_gmt":"2026-05-14T14:02:50","slug":"trio-arc-i-iekarinama-lampa","status":"publish","type":"product","link":"https:\/\/lightup.lv\/et\/precu-katalogs\/trio-arc-i-iekarinama-lampa\/","title":{"rendered":"TRIO ARC I iekarin\u0101ma lampa"},"content":{"rendered":"<p>21W LED, 1680 LM, 3000K<br \/>\nIP-kood: IP20<br \/>\nP: 80 cm<br \/>\nA: maksimaalselt 180 cm<br \/>\nKr\u0101sa: Pul\u0113ta melna<br \/>\nMaterjal: metall<br \/>\n<span class=\"HwtZe\" lang=\"lv\"><span class=\"jCAhz JxVs2d ChMk0b\"><span class=\"ryNqvb\">Pakett sisaldab: <\/span><\/span><\/span>LED draiveris<\/p>\n<p>ID P0520<\/p>","protected":false},"excerpt":{"rendered":"<p>Maxlight on ettev\u00f5te, millel on \u00fcle k\u00fcmne aasta kogemust valgustite pakkumisel, mis \u00fcllatavad ja inspireerivad julgete disainide ja l\u00f5putute paigutusv\u00f5imalustega. Pakume erinevates stiilides valgusteid, mis sobivad igasse disaini.<\/p>","protected":false},"featured_media":34084,"template":"","meta":{"_acf_changed":false},"product_brand":[],"product_cat":[42,221,43,213],"product_tag":[44],"class_list":{"0":"post-34083","1":"product","2":"type-product","3":"status-publish","4":"has-post-thumbnail","6":"product_cat-apgaismojums","7":"product_cat-atlaizu-preces","8":"product_cat-piekaramas-lampas","9":"product_cat-salona-pieejams","10":"product_tag-maxlight","12":"first","13":"instock","14":"sale","15":"shipping-taxable","16":"purchasable","17":"product-type-simple"},"acf":[],"_links":{"self":[{"href":"https:\/\/lightup.lv\/et\/wp-json\/wp\/v2\/product\/34083","targetHints":{"allow":["GET"]}}],"collection":[{"href":"https:\/\/lightup.lv\/et\/wp-json\/wp\/v2\/product"}],"about":[{"href":"https:\/\/lightup.lv\/et\/wp-json\/wp\/v2\/types\/product"}],"wp:featuredmedia":[{"embeddable":true,"href":"https:\/\/lightup.lv\/et\/wp-json\/wp\/v2\/media\/34084"}],"wp:attachment":[{"href":"https:\/\/lightup.lv\/et\/wp-json\/wp\/v2\/media?parent=34083"}],"wp:term":[{"taxonomy":"product_brand","embeddable":true,"href":"https:\/\/lightup.lv\/et\/wp-json\/wp\/v2\/product_brand?post=34083"},{"taxonomy":"product_cat","embeddable":true,"href":"https:\/\/lightup.lv\/et\/wp-json\/wp\/v2\/product_cat?post=34083"},{"taxonomy":"product_tag","embeddable":true,"href":"https:\/\/lightup.lv\/et\/wp-json\/wp\/v2\/product_tag?post=34083"}],"curies":[{"name":"t\u00f6\u00f6leht","href":"https:\/\/api.w.org\/{rel}","templated":true}]}}