{"id":34574,"date":"2024-07-18T11:05:31","date_gmt":"2024-07-18T09:05:31","guid":{"rendered":"https:\/\/lightup.lv\/?post_type=product&#038;p=34574"},"modified":"2025-12-01T15:28:45","modified_gmt":"2025-12-01T13:28:45","slug":"ball-zila-sienas-lampa","status":"publish","type":"product","link":"https:\/\/lightup.lv\/et\/tootekataloog\/ball-zila-sienas-lampa\/","title":{"rendered":"BALL zila sienas lampa"},"content":{"rendered":"<p>1 x maksimaalselt 10 W LED<br \/>\nPirn: E14<br \/>\nP: 140<br \/>\nA: 140<br \/>\nD: 170<br \/>\nKr\u0101sa: Zila<br \/>\nMaterjal: Metall \/ Klaas<\/p>\n<p>ID 1076C16_S<\/p>","protected":false},"excerpt":{"rendered":"<p>Aldexil on \u00fcle 40 aasta kogemust valgustite tootmises ja m\u00fc\u00fcgis. Br\u00e4ndi tugevusteks on kaasaegsed tehnoloogilised seadmed ja uusimate trendide j\u00e4rgimine.<\/p>","protected":false},"featured_media":34575,"template":"","meta":{"_acf_changed":false},"product_brand":[],"product_cat":[42,221,213,49],"product_tag":[214],"class_list":{"0":"post-34574","1":"product","2":"type-product","3":"status-publish","4":"has-post-thumbnail","6":"product_cat-apgaismojums","7":"product_cat-atlaizu-preces","8":"product_cat-salona-pieejams","9":"product_cat-sienas-lampas","10":"product_tag-aldex","12":"first","13":"instock","14":"sale","15":"shipping-taxable","16":"purchasable","17":"product-type-simple"},"acf":[],"_links":{"self":[{"href":"https:\/\/lightup.lv\/et\/wp-json\/wp\/v2\/product\/34574","targetHints":{"allow":["GET"]}}],"collection":[{"href":"https:\/\/lightup.lv\/et\/wp-json\/wp\/v2\/product"}],"about":[{"href":"https:\/\/lightup.lv\/et\/wp-json\/wp\/v2\/types\/product"}],"wp:featuredmedia":[{"embeddable":true,"href":"https:\/\/lightup.lv\/et\/wp-json\/wp\/v2\/media\/34575"}],"wp:attachment":[{"href":"https:\/\/lightup.lv\/et\/wp-json\/wp\/v2\/media?parent=34574"}],"wp:term":[{"taxonomy":"product_brand","embeddable":true,"href":"https:\/\/lightup.lv\/et\/wp-json\/wp\/v2\/product_brand?post=34574"},{"taxonomy":"product_cat","embeddable":true,"href":"https:\/\/lightup.lv\/et\/wp-json\/wp\/v2\/product_cat?post=34574"},{"taxonomy":"product_tag","embeddable":true,"href":"https:\/\/lightup.lv\/et\/wp-json\/wp\/v2\/product_tag?post=34574"}],"curies":[{"name":"wp","href":"https:\/\/api.w.org\/{rel}","templated":true}]}}