{"id":34586,"date":"2024-07-18T12:06:43","date_gmt":"2024-07-18T10:06:43","guid":{"rendered":"https:\/\/lightup.lv\/?post_type=product&#038;p=34586"},"modified":"2026-05-14T16:09:05","modified_gmt":"2026-05-14T14:09:05","slug":"dione-6-iekarinama-lampa","status":"publish","type":"product","link":"https:\/\/lightup.lv\/et\/precu-katalogs\/dione-6-iekarinama-lampa\/","title":{"rendered":"DIONE 6 iekarin\u0101ma lampa"},"content":{"rendered":"<p>4 x max 10W led \/ 2 x max 15W led<br \/>\nPirn: E14 \/ E27<br \/>\nH: 1300<br \/>\nA: 620<br \/>\nD: 570<br \/>\nV\u00e4rv: Punane<br \/>\nMaterjal: Metall \/ Klaas<\/p>\n<p>ID 1092K15<\/p>","protected":false},"excerpt":{"rendered":"<p>Aldexil on \u00fcle 40 aasta kogemust valgustite tootmises ja m\u00fc\u00fcgis. Br\u00e4ndi tugevusteks on kaasaegsed tehnoloogilised seadmed ja uusimate trendide j\u00e4rgimine.<\/p>","protected":false},"featured_media":34587,"template":"","meta":{"_acf_changed":false},"product_brand":[],"product_cat":[42,43],"product_tag":[214],"class_list":{"0":"post-34586","1":"product","2":"type-product","3":"status-publish","4":"has-post-thumbnail","6":"product_cat-apgaismojums","7":"product_cat-piekaramas-lampas","8":"product_tag-aldex","10":"first","11":"instock","12":"shipping-taxable","13":"purchasable","14":"product-type-simple"},"acf":[],"_links":{"self":[{"href":"https:\/\/lightup.lv\/et\/wp-json\/wp\/v2\/product\/34586","targetHints":{"allow":["GET"]}}],"collection":[{"href":"https:\/\/lightup.lv\/et\/wp-json\/wp\/v2\/product"}],"about":[{"href":"https:\/\/lightup.lv\/et\/wp-json\/wp\/v2\/types\/product"}],"wp:featuredmedia":[{"embeddable":true,"href":"https:\/\/lightup.lv\/et\/wp-json\/wp\/v2\/media\/34587"}],"wp:attachment":[{"href":"https:\/\/lightup.lv\/et\/wp-json\/wp\/v2\/media?parent=34586"}],"wp:term":[{"taxonomy":"product_brand","embeddable":true,"href":"https:\/\/lightup.lv\/et\/wp-json\/wp\/v2\/product_brand?post=34586"},{"taxonomy":"product_cat","embeddable":true,"href":"https:\/\/lightup.lv\/et\/wp-json\/wp\/v2\/product_cat?post=34586"},{"taxonomy":"product_tag","embeddable":true,"href":"https:\/\/lightup.lv\/et\/wp-json\/wp\/v2\/product_tag?post=34586"}],"curies":[{"name":"t\u00f6\u00f6leht","href":"https:\/\/api.w.org\/{rel}","templated":true}]}}