{"id":3478,"date":"2020-05-01T12:18:27","date_gmt":"2020-05-01T12:18:27","guid":{"rendered":"https:\/\/lightup.lv\/product\/ventura-sienas-lampa\/"},"modified":"2024-01-15T12:18:05","modified_gmt":"2024-01-15T12:18:05","slug":"ventura-sienas-lampa","status":"publish","type":"product","link":"https:\/\/lightup.lv\/et\/tootekataloog\/ventura-sienas-lampa\/","title":{"rendered":"Ventura sienas lampa"},"content":{"rendered":"<p>G9 2 x 28 W max<br \/>\nGarums: 13.5 cm<br \/>\nLaius: 17,5 cm<br \/>\nH: min 65 cm<br \/>\nV\u00e4rv: matt kuld, merevaigukollane<br \/>\nMaterjal: metall, klaas<\/p>\n<p>&nbsp;<\/p>\n<p> ID MOD012WL-02G<\/p>","protected":false},"excerpt":{"rendered":"<p>Maytoni on noor ja d\u00fcnaamiline Saksa ettev\u00f5te, mis on alates 2009. aastast olnud populaarne 32 riigis. Maytoni missiooniks on toota valgusteid, mis \u00fchendavad erinevaid stiile, ainulaadset disaini, ideaalseid proportsioone ja trendikaid, funktsionaalseid lahendusi. Maytoni pakub nii sise- kui ka v\u00e4listingimustes kasutatavaid dekoratiiv- ja tehnilisi valgusteid, mis loovad maitsekaid disainilahendusi ja l\u00e4ikiva atmosf\u00e4\u00e4ri. LightUp teeb Maytoniga otsest koost\u00f6\u00f6d ja tarnib teile huvipakkuvad Maytoni tooted.<\/p>","protected":false},"featured_media":3479,"template":"","meta":{"_acf_changed":false},"product_brand":[],"product_cat":[42,49],"product_tag":[82],"class_list":{"0":"post-3478","1":"product","2":"type-product","3":"status-publish","4":"has-post-thumbnail","6":"product_cat-apgaismojums","7":"product_cat-sienas-lampas","8":"product_tag-maytoni","10":"first","11":"instock","12":"shipping-taxable","13":"purchasable","14":"product-type-simple"},"acf":[],"_links":{"self":[{"href":"https:\/\/lightup.lv\/et\/wp-json\/wp\/v2\/product\/3478","targetHints":{"allow":["GET"]}}],"collection":[{"href":"https:\/\/lightup.lv\/et\/wp-json\/wp\/v2\/product"}],"about":[{"href":"https:\/\/lightup.lv\/et\/wp-json\/wp\/v2\/types\/product"}],"wp:featuredmedia":[{"embeddable":true,"href":"https:\/\/lightup.lv\/et\/wp-json\/wp\/v2\/media\/3479"}],"wp:attachment":[{"href":"https:\/\/lightup.lv\/et\/wp-json\/wp\/v2\/media?parent=3478"}],"wp:term":[{"taxonomy":"product_brand","embeddable":true,"href":"https:\/\/lightup.lv\/et\/wp-json\/wp\/v2\/product_brand?post=3478"},{"taxonomy":"product_cat","embeddable":true,"href":"https:\/\/lightup.lv\/et\/wp-json\/wp\/v2\/product_cat?post=3478"},{"taxonomy":"product_tag","embeddable":true,"href":"https:\/\/lightup.lv\/et\/wp-json\/wp\/v2\/product_tag?post=3478"}],"curies":[{"name":"wp","href":"https:\/\/api.w.org\/{rel}","templated":true}]}}