{"id":34808,"date":"2024-07-30T15:43:17","date_gmt":"2024-07-30T13:43:17","guid":{"rendered":"https:\/\/lightup.lv\/?post_type=product&#038;p=34808"},"modified":"2025-05-23T09:17:39","modified_gmt":"2025-05-23T07:17:39","slug":"akiko-griestos-iekarinama-lampa","status":"publish","type":"product","link":"https:\/\/lightup.lv\/et\/tootekataloog\/akiko-griestos-iekarinama-lampa\/","title":{"rendered":"Akiko ripplamp"},"content":{"rendered":"<p>23W LED, 1840 LM, CRI 80+, 3000K<br \/>\nIP-kood: IP20<br \/>\nA: 180 cm<br \/>\n\u00d8: 20 cm<br \/>\nV\u00e4rv: must<br \/>\nMaterjal: metall<span class=\"HwtZe\" lang=\"lv\"><span class=\"jCAhz JxVs2d ChMk0b\"><span class=\"ryNqvb\"> \/ op\u0101la stikls<\/span><\/span><\/span><br \/>\n<span class=\"HwtZe\" lang=\"lv\"><span class=\"jCAhz JxVs2d ChMk0b\"><span class=\"ryNqvb\">Komplekt\u0101 iek\u013cauts: <\/span><\/span><\/span>LED baro\u0161anas bloks<\/p>\n<p>ID P0468<\/p>","protected":false},"excerpt":{"rendered":"<p>Maxlight on ettev\u00f5te, millel on \u00fcle k\u00fcmne aasta kogemust valgustite pakkumisel, mis \u00fcllatavad ja inspireerivad julgete disainide ja l\u00f5putute paigutusv\u00f5imalustega. Pakume erinevates stiilides valgusteid, mis sobivad igasse disaini.<\/p>","protected":false},"featured_media":34810,"template":"","meta":{"_acf_changed":false},"product_brand":[],"product_cat":[42,43],"product_tag":[44],"class_list":{"0":"post-34808","1":"product","2":"type-product","3":"status-publish","4":"has-post-thumbnail","6":"product_cat-apgaismojums","7":"product_cat-piekaramas-lampas","8":"product_tag-maxlight","10":"first","11":"instock","12":"shipping-taxable","13":"purchasable","14":"product-type-simple"},"acf":[],"_links":{"self":[{"href":"https:\/\/lightup.lv\/et\/wp-json\/wp\/v2\/product\/34808","targetHints":{"allow":["GET"]}}],"collection":[{"href":"https:\/\/lightup.lv\/et\/wp-json\/wp\/v2\/product"}],"about":[{"href":"https:\/\/lightup.lv\/et\/wp-json\/wp\/v2\/types\/product"}],"wp:featuredmedia":[{"embeddable":true,"href":"https:\/\/lightup.lv\/et\/wp-json\/wp\/v2\/media\/34810"}],"wp:attachment":[{"href":"https:\/\/lightup.lv\/et\/wp-json\/wp\/v2\/media?parent=34808"}],"wp:term":[{"taxonomy":"product_brand","embeddable":true,"href":"https:\/\/lightup.lv\/et\/wp-json\/wp\/v2\/product_brand?post=34808"},{"taxonomy":"product_cat","embeddable":true,"href":"https:\/\/lightup.lv\/et\/wp-json\/wp\/v2\/product_cat?post=34808"},{"taxonomy":"product_tag","embeddable":true,"href":"https:\/\/lightup.lv\/et\/wp-json\/wp\/v2\/product_tag?post=34808"}],"curies":[{"name":"wp","href":"https:\/\/api.w.org\/{rel}","templated":true}]}}