{"id":34818,"date":"2024-08-06T13:52:20","date_gmt":"2024-08-06T11:52:20","guid":{"rendered":"https:\/\/lightup.lv\/?post_type=product&#038;p=34818"},"modified":"2024-08-14T14:39:50","modified_gmt":"2024-08-14T12:39:50","slug":"silmusekujuline-ripp-laelamp","status":"publish","type":"product","link":"https:\/\/lightup.lv\/et\/precu-katalogs\/loop-iekarinama-griestu-lampa\/","title":{"rendered":"LOOP ripp-laelamp"},"content":{"rendered":"<p>26,5 W, LED, 2800 lm, 2700 K<br \/>\nH: 1300<br \/>\nV: Maksimaalselt 2000<br \/>\nL\u00e4bim\u00f5\u00f5t: 58 mm<br \/>\nV\u00e4rv: must<br \/>\nMaterjal: Optiline klaas \/ Optiline pol\u00fcmet\u00fc\u00fclmetakr\u00fclaat<\/p>\n<p>ID A4732010N<\/p>","protected":false},"excerpt":{"rendered":"<p>Arkoslight p\u00fc\u00fcab iga p\u00e4ev pakkuda teile parima v\u00f5imaliku kvaliteediga valgustust. Tooteid uuritakse hoolikalt, nende loomisel kasutatakse uusimaid tehnoloogiaid ning neid iseloomustab suurep\u00e4rane disain, mis vastab k\u00f5rgeimatele kvaliteedieesm\u00e4rkidele. Valgus on olnud ettev\u00f5tte p\u00f5hielement alates 1984. aastast, muutes klientide elu iga p\u00e4ev helgemaks.<\/p>","protected":false},"featured_media":34819,"template":"","meta":{"_acf_changed":false},"product_brand":[],"product_cat":[42,43,213],"product_tag":[123],"class_list":{"0":"post-34818","1":"product","2":"type-product","3":"status-publish","4":"has-post-thumbnail","6":"product_cat-apgaismojums","7":"product_cat-piekaramas-lampas","8":"product_cat-salona-pieejams","9":"product_tag-arkoslight","11":"first","12":"instock","13":"featured","14":"shipping-taxable","15":"purchasable","16":"product-type-simple"},"acf":[],"_links":{"self":[{"href":"https:\/\/lightup.lv\/et\/wp-json\/wp\/v2\/product\/34818","targetHints":{"allow":["GET"]}}],"collection":[{"href":"https:\/\/lightup.lv\/et\/wp-json\/wp\/v2\/product"}],"about":[{"href":"https:\/\/lightup.lv\/et\/wp-json\/wp\/v2\/types\/product"}],"wp:featuredmedia":[{"embeddable":true,"href":"https:\/\/lightup.lv\/et\/wp-json\/wp\/v2\/media\/34819"}],"wp:attachment":[{"href":"https:\/\/lightup.lv\/et\/wp-json\/wp\/v2\/media?parent=34818"}],"wp:term":[{"taxonomy":"product_brand","embeddable":true,"href":"https:\/\/lightup.lv\/et\/wp-json\/wp\/v2\/product_brand?post=34818"},{"taxonomy":"product_cat","embeddable":true,"href":"https:\/\/lightup.lv\/et\/wp-json\/wp\/v2\/product_cat?post=34818"},{"taxonomy":"product_tag","embeddable":true,"href":"https:\/\/lightup.lv\/et\/wp-json\/wp\/v2\/product_tag?post=34818"}],"curies":[{"name":"t\u00f6\u00f6leht","href":"https:\/\/api.w.org\/{rel}","templated":true}]}}