{"id":34838,"date":"2024-08-09T12:54:03","date_gmt":"2024-08-09T10:54:03","guid":{"rendered":"https:\/\/lightup.lv\/?post_type=product&#038;p=34838"},"modified":"2025-02-07T15:05:58","modified_gmt":"2025-02-07T13:05:58","slug":"piekarinama-magnetsiko-sliezu-lampa-2","status":"publish","type":"product","link":"https:\/\/lightup.lv\/et\/tootekataloog\/piekarinama-magnetsiko-sliezu-lampa-2\/","title":{"rendered":"Piekarin\u0101ma magn\u0113tsiko slie\u017eu lampa, 6W ON\/OFF"},"content":{"rendered":"<p>Integr\u0113ts LED, 6W, 525LM, 3000K<br \/>\nG: 1450<br \/>\nV\u00e4rv: must<br \/>\nSISSE\/V\u00c4LJA<br \/>\nSaadaval ka ZIGBEE versioon \u2013 h\u00e4mardamise ja valguse temperatuuri reguleerimine on v\u00f5imalik<\/p>\n<p>ID M0017N<\/p>","protected":false},"excerpt":{"rendered":"<p>Maxlight on ettev\u00f5te, millel on \u00fcle k\u00fcmne aasta kogemust valgustite pakkumisel, mis \u00fcllatavad ja inspireerivad julgete disainide ja l\u00f5putute paigutusv\u00f5imalustega, pakkudes erinevates stiilides valgusteid, mis sobivad igasse disaini.<\/p>","protected":false},"featured_media":34840,"template":"","meta":{"_acf_changed":false},"product_brand":[],"product_cat":[42,217],"product_tag":[44],"class_list":{"0":"post-34838","1":"product","2":"type-product","3":"status-publish","4":"has-post-thumbnail","6":"product_cat-apgaismojums","7":"product_cat-magnetiskas-sliezu-sistemas-on-off","8":"product_tag-maxlight","10":"first","11":"instock","12":"shipping-taxable","13":"purchasable","14":"product-type-simple"},"acf":[],"_links":{"self":[{"href":"https:\/\/lightup.lv\/et\/wp-json\/wp\/v2\/product\/34838","targetHints":{"allow":["GET"]}}],"collection":[{"href":"https:\/\/lightup.lv\/et\/wp-json\/wp\/v2\/product"}],"about":[{"href":"https:\/\/lightup.lv\/et\/wp-json\/wp\/v2\/types\/product"}],"wp:featuredmedia":[{"embeddable":true,"href":"https:\/\/lightup.lv\/et\/wp-json\/wp\/v2\/media\/34840"}],"wp:attachment":[{"href":"https:\/\/lightup.lv\/et\/wp-json\/wp\/v2\/media?parent=34838"}],"wp:term":[{"taxonomy":"product_brand","embeddable":true,"href":"https:\/\/lightup.lv\/et\/wp-json\/wp\/v2\/product_brand?post=34838"},{"taxonomy":"product_cat","embeddable":true,"href":"https:\/\/lightup.lv\/et\/wp-json\/wp\/v2\/product_cat?post=34838"},{"taxonomy":"product_tag","embeddable":true,"href":"https:\/\/lightup.lv\/et\/wp-json\/wp\/v2\/product_tag?post=34838"}],"curies":[{"name":"wp","href":"https:\/\/api.w.org\/{rel}","templated":true}]}}