{"id":34855,"date":"2024-08-09T14:01:19","date_gmt":"2024-08-09T12:01:19","guid":{"rendered":"https:\/\/lightup.lv\/?post_type=product&#038;p=34855"},"modified":"2025-02-07T10:36:05","modified_gmt":"2025-02-07T08:36:05","slug":"lineara-magnetisko-sliezu-lampa-12w","status":"publish","type":"product","link":"https:\/\/lightup.lv\/et\/tootekataloog\/lineara-magnetisko-sliezu-lampa-12w\/","title":{"rendered":"Lineaarne magnetiline siinilamp, 12W SISSE\/V\u00c4LJA"},"content":{"rendered":"<p>Integr\u0113ts LED, 12W, 666LM, 3000K<br \/>\nLk: 25<br \/>\nG: 230<br \/>\nV\u00e4rv: must<br \/>\nSISSE\/V\u00c4LJA<br \/>\nSaadaval ka ZIGBEE versioon \u2013 h\u00e4mardamise ja valguse temperatuuri reguleerimine on v\u00f5imalik<\/p>\n<p>ID M0004N<\/p>","protected":false},"excerpt":{"rendered":"<p>Maxlight on ettev\u00f5te, millel on \u00fcle k\u00fcmne aasta kogemust valgustite pakkumisel, mis \u00fcllatavad ja inspireerivad julgete disainide ja l\u00f5putute paigutusv\u00f5imalustega. Pakume erinevates stiilides valgusteid, mis sobivad igasse disaini.<\/p>","protected":false},"featured_media":34856,"template":"","meta":{"_acf_changed":false},"product_brand":[],"product_cat":[42,217],"product_tag":[44],"class_list":{"0":"post-34855","1":"product","2":"type-product","3":"status-publish","4":"has-post-thumbnail","6":"product_cat-apgaismojums","7":"product_cat-magnetiskas-sliezu-sistemas-on-off","8":"product_tag-maxlight","10":"first","11":"instock","12":"shipping-taxable","13":"purchasable","14":"product-type-simple"},"acf":[],"_links":{"self":[{"href":"https:\/\/lightup.lv\/et\/wp-json\/wp\/v2\/product\/34855","targetHints":{"allow":["GET"]}}],"collection":[{"href":"https:\/\/lightup.lv\/et\/wp-json\/wp\/v2\/product"}],"about":[{"href":"https:\/\/lightup.lv\/et\/wp-json\/wp\/v2\/types\/product"}],"wp:featuredmedia":[{"embeddable":true,"href":"https:\/\/lightup.lv\/et\/wp-json\/wp\/v2\/media\/34856"}],"wp:attachment":[{"href":"https:\/\/lightup.lv\/et\/wp-json\/wp\/v2\/media?parent=34855"}],"wp:term":[{"taxonomy":"product_brand","embeddable":true,"href":"https:\/\/lightup.lv\/et\/wp-json\/wp\/v2\/product_brand?post=34855"},{"taxonomy":"product_cat","embeddable":true,"href":"https:\/\/lightup.lv\/et\/wp-json\/wp\/v2\/product_cat?post=34855"},{"taxonomy":"product_tag","embeddable":true,"href":"https:\/\/lightup.lv\/et\/wp-json\/wp\/v2\/product_tag?post=34855"}],"curies":[{"name":"wp","href":"https:\/\/api.w.org\/{rel}","templated":true}]}}