{"id":34884,"date":"2024-08-09T15:39:07","date_gmt":"2024-08-09T13:39:07","guid":{"rendered":"https:\/\/lightup.lv\/?post_type=product&#038;p=34884"},"modified":"2025-02-07T14:19:26","modified_gmt":"2025-02-07T12:19:26","slug":"magnetisko-sliezu-prozektors-8w","status":"publish","type":"product","link":"https:\/\/lightup.lv\/et\/tootekataloog\/magnetisko-sliezu-prozektors-8w\/","title":{"rendered":"Magnetiline siinivalgusti, 8W SISSE\/V\u00c4LJA"},"content":{"rendered":"<p>Integr\u0113ts LED, 8W, 766LM, 3000K<br \/>\nG: 110<br \/>\nL\u00e4bim\u00f5\u00f5t: 65<br \/>\nP\u00f6\u00f6rdenurk: 350\u00b0<br \/>\nV\u00e4rv: must<br \/>\nSISSE\/V\u00c4LJA<br \/>\nSaadaval ka ZIGBEE versioon \u2013 h\u00e4mardamise ja valguse temperatuuri reguleerimine on v\u00f5imalik<\/p>\n<p>ID M0018N<\/p>","protected":false},"excerpt":{"rendered":"<p>Maxlight on ettev\u00f5te, millel on \u00fcle k\u00fcmne aasta kogemust valgustite pakkumisel, mis \u00fcllatavad ja inspireerivad julgete disainide ja l\u00f5putute paigutusv\u00f5imalustega. Pakume erinevates stiilides valgusteid, mis sobivad igasse disaini.<\/p>","protected":false},"featured_media":34885,"template":"","meta":{"_acf_changed":false},"product_brand":[],"product_cat":[42,217],"product_tag":[44],"class_list":{"0":"post-34884","1":"product","2":"type-product","3":"status-publish","4":"has-post-thumbnail","6":"product_cat-apgaismojums","7":"product_cat-magnetiskas-sliezu-sistemas-on-off","8":"product_tag-maxlight","10":"first","11":"instock","12":"shipping-taxable","13":"purchasable","14":"product-type-simple"},"acf":[],"_links":{"self":[{"href":"https:\/\/lightup.lv\/et\/wp-json\/wp\/v2\/product\/34884","targetHints":{"allow":["GET"]}}],"collection":[{"href":"https:\/\/lightup.lv\/et\/wp-json\/wp\/v2\/product"}],"about":[{"href":"https:\/\/lightup.lv\/et\/wp-json\/wp\/v2\/types\/product"}],"wp:featuredmedia":[{"embeddable":true,"href":"https:\/\/lightup.lv\/et\/wp-json\/wp\/v2\/media\/34885"}],"wp:attachment":[{"href":"https:\/\/lightup.lv\/et\/wp-json\/wp\/v2\/media?parent=34884"}],"wp:term":[{"taxonomy":"product_brand","embeddable":true,"href":"https:\/\/lightup.lv\/et\/wp-json\/wp\/v2\/product_brand?post=34884"},{"taxonomy":"product_cat","embeddable":true,"href":"https:\/\/lightup.lv\/et\/wp-json\/wp\/v2\/product_cat?post=34884"},{"taxonomy":"product_tag","embeddable":true,"href":"https:\/\/lightup.lv\/et\/wp-json\/wp\/v2\/product_tag?post=34884"}],"curies":[{"name":"wp","href":"https:\/\/api.w.org\/{rel}","templated":true}]}}