{"id":35,"date":"2018-07-23T09:24:20","date_gmt":"2018-07-23T09:24:20","guid":{"rendered":"https:\/\/lightup.lv\/product\/tele-akustiskais-panelis\/"},"modified":"2025-03-18T12:30:36","modified_gmt":"2025-03-18T10:30:36","slug":"tele-akustiskais-panelis","status":"publish","type":"product","link":"https:\/\/lightup.lv\/et\/precu-katalogs\/tele-akustiskais-panelis\/","title":{"rendered":"Tele L akustiline paneel"},"content":{"rendered":"<p>M\u00f5\u00f5tmed:<\/p>\n<p>1000 \u00d7 1000 \u00d7 40 mm<\/p>\n<p>Komplekt sisaldab kinnitusklambreid.<\/p>\n<p>ID Tele<\/p>","protected":false},"excerpt":{"rendered":"<p>Kvadr\u0101ts ar noapa\u013cotiem st\u016briem. Lieliski izskat\u0101s k\u0101 viens elements, kas ir strat\u0113\u0123iski izvietots, t\u0101 lai lieski absorb\u0113tu ska\u0146u.<\/p>","protected":false},"featured_media":36,"template":"","meta":{"_acf_changed":false},"product_brand":[],"product_cat":[18,19],"product_tag":[20],"class_list":{"0":"post-35","1":"product","2":"type-product","3":"status-publish","4":"has-post-thumbnail","6":"product_cat-dizaina-skanas-izolacija","7":"product_cat-fluffo-air-griestiem","8":"product_tag-fluffo","10":"first","11":"instock","12":"shipping-taxable","13":"purchasable","14":"product-type-simple"},"acf":[],"_links":{"self":[{"href":"https:\/\/lightup.lv\/et\/wp-json\/wp\/v2\/product\/35","targetHints":{"allow":["GET"]}}],"collection":[{"href":"https:\/\/lightup.lv\/et\/wp-json\/wp\/v2\/product"}],"about":[{"href":"https:\/\/lightup.lv\/et\/wp-json\/wp\/v2\/types\/product"}],"wp:featuredmedia":[{"embeddable":true,"href":"https:\/\/lightup.lv\/et\/wp-json\/wp\/v2\/media\/36"}],"wp:attachment":[{"href":"https:\/\/lightup.lv\/et\/wp-json\/wp\/v2\/media?parent=35"}],"wp:term":[{"taxonomy":"product_brand","embeddable":true,"href":"https:\/\/lightup.lv\/et\/wp-json\/wp\/v2\/product_brand?post=35"},{"taxonomy":"product_cat","embeddable":true,"href":"https:\/\/lightup.lv\/et\/wp-json\/wp\/v2\/product_cat?post=35"},{"taxonomy":"product_tag","embeddable":true,"href":"https:\/\/lightup.lv\/et\/wp-json\/wp\/v2\/product_tag?post=35"}],"curies":[{"name":"t\u00f6\u00f6leht","href":"https:\/\/api.w.org\/{rel}","templated":true}]}}