{"id":35312,"date":"2025-01-31T16:45:07","date_gmt":"2025-01-31T14:45:07","guid":{"rendered":"https:\/\/lightup.lv\/?post_type=product&#038;p=35312"},"modified":"2025-02-07T13:05:56","modified_gmt":"2025-02-07T11:05:56","slug":"lokamas-led-caurules-magnetisko-sliezu-lampa-1m-on-off","status":"publish","type":"product","link":"https:\/\/lightup.lv\/et\/tootekataloog\/lokamas-led-caurules-magnetisko-sliezu-lampa-1m-on-off\/","title":{"rendered":"Lok\u0101mas LED caurules magn\u0113tisko slie\u017eu lampa, 1m ON\/OFF"},"content":{"rendered":"<p>Integr\u0113ts LED, 15W, 1028LM, 3000K<br \/>\nP: 1000<br \/>\n\u00d8: 22<br \/>\nV\u00e4rv: must<br \/>\nMateri\u0101ls: Met\u0101ls, plastmasa<br \/>\nSISSE\/V\u00c4LJA<br \/>\nSaadaval ka ZIGBEE versioon \u2013 h\u00e4mardamise ja valguse temperatuuri reguleerimine on v\u00f5imalik<\/p>\n<p>ID M0021N<\/p>","protected":false},"excerpt":{"rendered":"<p>Maxlight on ettev\u00f5te, millel on \u00fcle k\u00fcmne aasta kogemust valgustite pakkumisel, mis \u00fcllatavad ja inspireerivad julgete disainide ja l\u00f5putute paigutusv\u00f5imalustega, pakkudes erinevates stiilides valgusteid, mis sobivad igasse disaini.<\/p>","protected":false},"featured_media":35313,"template":"","meta":{"_acf_changed":false},"product_brand":[],"product_cat":[42,217],"product_tag":[],"class_list":{"0":"post-35312","1":"product","2":"type-product","3":"status-publish","4":"has-post-thumbnail","6":"product_cat-apgaismojums","7":"product_cat-magnetiskas-sliezu-sistemas-on-off","9":"first","10":"instock","11":"shipping-taxable","12":"purchasable","13":"product-type-simple"},"acf":[],"_links":{"self":[{"href":"https:\/\/lightup.lv\/et\/wp-json\/wp\/v2\/product\/35312","targetHints":{"allow":["GET"]}}],"collection":[{"href":"https:\/\/lightup.lv\/et\/wp-json\/wp\/v2\/product"}],"about":[{"href":"https:\/\/lightup.lv\/et\/wp-json\/wp\/v2\/types\/product"}],"wp:featuredmedia":[{"embeddable":true,"href":"https:\/\/lightup.lv\/et\/wp-json\/wp\/v2\/media\/35313"}],"wp:attachment":[{"href":"https:\/\/lightup.lv\/et\/wp-json\/wp\/v2\/media?parent=35312"}],"wp:term":[{"taxonomy":"product_brand","embeddable":true,"href":"https:\/\/lightup.lv\/et\/wp-json\/wp\/v2\/product_brand?post=35312"},{"taxonomy":"product_cat","embeddable":true,"href":"https:\/\/lightup.lv\/et\/wp-json\/wp\/v2\/product_cat?post=35312"},{"taxonomy":"product_tag","embeddable":true,"href":"https:\/\/lightup.lv\/et\/wp-json\/wp\/v2\/product_tag?post=35312"}],"curies":[{"name":"wp","href":"https:\/\/api.w.org\/{rel}","templated":true}]}}