{"id":35316,"date":"2025-01-31T17:16:16","date_gmt":"2025-01-31T15:16:16","guid":{"rendered":"https:\/\/lightup.lv\/?post_type=product&#038;p=35316"},"modified":"2025-02-07T15:15:19","modified_gmt":"2025-02-07T13:15:19","slug":"stura-magnetisko-sliezu-lampa-18w-on-off","status":"publish","type":"product","link":"https:\/\/lightup.lv\/et\/tootekataloog\/stura-magnetisko-sliezu-lampa-18w-on-off\/","title":{"rendered":"Nurga magnetiline siinilamp, 18W SISSE\/V\u00c4LJA"},"content":{"rendered":"<p>Integr\u0113ts LED, 18W, 1111LM, 3000K<br \/>\nP: 300<br \/>\nG: 300<br \/>\nV\u00e4rv: must<br \/>\nSISSE\/V\u00c4LJA<br \/>\nSaadaval ka ZIGBEE versioon \u2013 h\u00e4mardamise ja valguse temperatuuri reguleerimine on v\u00f5imalik<\/p>\n<p>ID M0006N<\/p>","protected":false},"excerpt":{"rendered":"<p>Maxlight ir ra\u017eot\u0101js ar vair\u0101k nek\u0101 desmit gadu pieredzi apgaismojuma nodro\u0161in\u0101\u0161an\u0101, kas p\u0101rsteidz un iedvesmo ar drosm\u012bgu dizainu un bezgal\u012bg\u0101m izk\u0101rtojuma iesp\u0113j\u0101m, pied\u0101v\u0101jot da\u017e\u0101du stilu gaismek\u013cus, kas ieder\u0113sies jebkur\u0101 dizain\u0101.<\/p>","protected":false},"featured_media":35317,"template":"","meta":{"_acf_changed":false},"product_brand":[],"product_cat":[42,217],"product_tag":[44],"class_list":{"0":"post-35316","1":"product","2":"type-product","3":"status-publish","4":"has-post-thumbnail","6":"product_cat-apgaismojums","7":"product_cat-magnetiskas-sliezu-sistemas-on-off","8":"product_tag-maxlight","10":"first","11":"instock","12":"shipping-taxable","13":"purchasable","14":"product-type-simple"},"acf":[],"_links":{"self":[{"href":"https:\/\/lightup.lv\/et\/wp-json\/wp\/v2\/product\/35316","targetHints":{"allow":["GET"]}}],"collection":[{"href":"https:\/\/lightup.lv\/et\/wp-json\/wp\/v2\/product"}],"about":[{"href":"https:\/\/lightup.lv\/et\/wp-json\/wp\/v2\/types\/product"}],"wp:featuredmedia":[{"embeddable":true,"href":"https:\/\/lightup.lv\/et\/wp-json\/wp\/v2\/media\/35317"}],"wp:attachment":[{"href":"https:\/\/lightup.lv\/et\/wp-json\/wp\/v2\/media?parent=35316"}],"wp:term":[{"taxonomy":"product_brand","embeddable":true,"href":"https:\/\/lightup.lv\/et\/wp-json\/wp\/v2\/product_brand?post=35316"},{"taxonomy":"product_cat","embeddable":true,"href":"https:\/\/lightup.lv\/et\/wp-json\/wp\/v2\/product_cat?post=35316"},{"taxonomy":"product_tag","embeddable":true,"href":"https:\/\/lightup.lv\/et\/wp-json\/wp\/v2\/product_tag?post=35316"}],"curies":[{"name":"wp","href":"https:\/\/api.w.org\/{rel}","templated":true}]}}