{"id":35383,"date":"2025-02-07T15:21:39","date_gmt":"2025-02-07T13:21:39","guid":{"rendered":"https:\/\/lightup.lv\/?post_type=product&#038;p=35383"},"modified":"2025-02-07T15:21:40","modified_gmt":"2025-02-07T13:21:40","slug":"magnetisko-sliezu-prozektors-10w-on-off","status":"publish","type":"product","link":"https:\/\/lightup.lv\/et\/tootekataloog\/magnetisko-sliezu-prozektors-10w-on-off\/","title":{"rendered":"Magnetiline siinivalgusti, 10W SISSE\/V\u00c4LJA"},"content":{"rendered":"<p>Integr\u0113ts LED, 10W 666LM 3000K<br \/>\nG: 160<br \/>\nD: 25<br \/>\nV\u00e4rv: must<br \/>\nSISSE\/V\u00c4LJA<br \/>\nSaadaval ka ZIGBEE versioon \u2013 h\u00e4mardamise ja valguse temperatuuri reguleerimine on v\u00f5imalik<\/p>\n<p>ID M0020N<\/p>","protected":false},"excerpt":{"rendered":"<p>Maxlight on ettev\u00f5te, millel on \u00fcle k\u00fcmne aasta kogemust valgustite pakkumisel, mis \u00fcllatavad ja inspireerivad julgete disainide ja l\u00f5putute paigutusv\u00f5imalustega, pakkudes erinevates stiilides valgusteid, mis sobivad igasse disaini.<\/p>","protected":false},"featured_media":35384,"template":"","meta":{"_acf_changed":false},"product_brand":[],"product_cat":[42,217],"product_tag":[44],"class_list":{"0":"post-35383","1":"product","2":"type-product","3":"status-publish","4":"has-post-thumbnail","6":"product_cat-apgaismojums","7":"product_cat-magnetiskas-sliezu-sistemas-on-off","8":"product_tag-maxlight","10":"first","11":"instock","12":"shipping-taxable","13":"purchasable","14":"product-type-simple"},"acf":[],"_links":{"self":[{"href":"https:\/\/lightup.lv\/et\/wp-json\/wp\/v2\/product\/35383","targetHints":{"allow":["GET"]}}],"collection":[{"href":"https:\/\/lightup.lv\/et\/wp-json\/wp\/v2\/product"}],"about":[{"href":"https:\/\/lightup.lv\/et\/wp-json\/wp\/v2\/types\/product"}],"wp:featuredmedia":[{"embeddable":true,"href":"https:\/\/lightup.lv\/et\/wp-json\/wp\/v2\/media\/35384"}],"wp:attachment":[{"href":"https:\/\/lightup.lv\/et\/wp-json\/wp\/v2\/media?parent=35383"}],"wp:term":[{"taxonomy":"product_brand","embeddable":true,"href":"https:\/\/lightup.lv\/et\/wp-json\/wp\/v2\/product_brand?post=35383"},{"taxonomy":"product_cat","embeddable":true,"href":"https:\/\/lightup.lv\/et\/wp-json\/wp\/v2\/product_cat?post=35383"},{"taxonomy":"product_tag","embeddable":true,"href":"https:\/\/lightup.lv\/et\/wp-json\/wp\/v2\/product_tag?post=35383"}],"curies":[{"name":"wp","href":"https:\/\/api.w.org\/{rel}","templated":true}]}}