{"id":35389,"date":"2025-02-07T15:43:55","date_gmt":"2025-02-07T13:43:55","guid":{"rendered":"https:\/\/lightup.lv\/?post_type=product&#038;p=35389"},"modified":"2025-02-07T15:44:51","modified_gmt":"2025-02-07T13:44:51","slug":"lineara-magnetisko-sliezu-lampa-6w-zigbee","status":"publish","type":"product","link":"https:\/\/lightup.lv\/et\/precu-katalogs\/lineara-magnetisko-sliezu-lampa-6w-zigbee\/","title":{"rendered":"Lineaarne magnetiline siinilamp, 6W ZIGBEE"},"content":{"rendered":"<p>Integr\u0113ts LED, 6W 340LM 2700\/5000K<br \/>\nG: 110<br \/>\nLk: 25<br \/>\nV\u00e4rv: must<br \/>\nZIGBEE versioon (juhitav Tuya nutitelefoni rakenduse kaudu)<\/p>\n<p>ID M0003Z<\/p>","protected":false},"excerpt":{"rendered":"<p>Maxlight on ettev\u00f5te, millel on \u00fcle k\u00fcmne aasta kogemust valgustite pakkumisel, mis \u00fcllatavad ja inspireerivad julgete disainide ja l\u00f5putute paigutusv\u00f5imalustega, pakkudes erinevates stiilides valgusteid, mis sobivad igasse disaini.<\/p>","protected":false},"featured_media":35390,"template":"","meta":{"_acf_changed":false},"product_brand":[],"product_cat":[42,219,213],"product_tag":[44],"class_list":{"0":"post-35389","1":"product","2":"type-product","3":"status-publish","4":"has-post-thumbnail","6":"product_cat-apgaismojums","7":"product_cat-magnetiskas-sliezu-sistemas-zigbee","8":"product_cat-salona-pieejams","9":"product_tag-maxlight","11":"first","12":"instock","13":"shipping-taxable","14":"purchasable","15":"product-type-simple"},"acf":[],"_links":{"self":[{"href":"https:\/\/lightup.lv\/et\/wp-json\/wp\/v2\/product\/35389","targetHints":{"allow":["GET"]}}],"collection":[{"href":"https:\/\/lightup.lv\/et\/wp-json\/wp\/v2\/product"}],"about":[{"href":"https:\/\/lightup.lv\/et\/wp-json\/wp\/v2\/types\/product"}],"wp:featuredmedia":[{"embeddable":true,"href":"https:\/\/lightup.lv\/et\/wp-json\/wp\/v2\/media\/35390"}],"wp:attachment":[{"href":"https:\/\/lightup.lv\/et\/wp-json\/wp\/v2\/media?parent=35389"}],"wp:term":[{"taxonomy":"product_brand","embeddable":true,"href":"https:\/\/lightup.lv\/et\/wp-json\/wp\/v2\/product_brand?post=35389"},{"taxonomy":"product_cat","embeddable":true,"href":"https:\/\/lightup.lv\/et\/wp-json\/wp\/v2\/product_cat?post=35389"},{"taxonomy":"product_tag","embeddable":true,"href":"https:\/\/lightup.lv\/et\/wp-json\/wp\/v2\/product_tag?post=35389"}],"curies":[{"name":"t\u00f6\u00f6leht","href":"https:\/\/api.w.org\/{rel}","templated":true}]}}