{"id":36313,"date":"2025-07-25T13:40:25","date_gmt":"2025-07-25T11:40:25","guid":{"rendered":"https:\/\/lightup.lv\/?post_type=product&#038;p=36313"},"modified":"2025-09-17T11:03:28","modified_gmt":"2025-09-17T09:03:28","slug":"kresls-aole-tumsi-olivzals","status":"publish","type":"product","link":"https:\/\/lightup.lv\/et\/tootekataloog\/kresls-aole-tumsi-olivzals\/","title":{"rendered":"Tool AOLE oliivroheline"},"content":{"rendered":"<p>Kr\u0113sla augstums: 86.5 cm<br \/>\nTooli laius: 57 cm<br \/>\nKr\u0113sla dzi\u013cums: 60.5 cm<br \/>\nIstme k\u00f5rgus: 49,5 cm<br \/>\nV\u00e4rv: Oliivroheline<br \/>\nMaterjal: kangas<br \/>\nVirnastatav: Ei<\/p>\n<p>ID 100107103<\/p>","protected":false},"excerpt":{"rendered":"<p>AOLE apvieno skandin\u0101vu dizaina principus ar starptautisku pieeju. T\u0101 skulptur\u0101l\u0101 forma ir eleganti polster\u0113ta no aug\u0161as l\u012bdz apak\u0161ai, radot izsmalcin\u0101tu vizu\u0101lo t\u0113lu un augstu komforta l\u012bmeni.<\/p>","protected":false},"featured_media":36314,"template":"","meta":{"_acf_changed":false},"product_brand":[],"product_cat":[28,119,38,213],"product_tag":[37],"class_list":{"0":"post-36313","1":"product","2":"type-product","3":"status-publish","4":"has-post-thumbnail","6":"product_cat-kresli","7":"product_cat-atputas-kresli-kresli","8":"product_cat-kresli-pie-galda","9":"product_cat-salona-pieejams","10":"product_tag-dan-form","12":"first","13":"instock","14":"shipping-taxable","15":"purchasable","16":"product-type-simple"},"acf":[],"_links":{"self":[{"href":"https:\/\/lightup.lv\/et\/wp-json\/wp\/v2\/product\/36313","targetHints":{"allow":["GET"]}}],"collection":[{"href":"https:\/\/lightup.lv\/et\/wp-json\/wp\/v2\/product"}],"about":[{"href":"https:\/\/lightup.lv\/et\/wp-json\/wp\/v2\/types\/product"}],"wp:featuredmedia":[{"embeddable":true,"href":"https:\/\/lightup.lv\/et\/wp-json\/wp\/v2\/media\/36314"}],"wp:attachment":[{"href":"https:\/\/lightup.lv\/et\/wp-json\/wp\/v2\/media?parent=36313"}],"wp:term":[{"taxonomy":"product_brand","embeddable":true,"href":"https:\/\/lightup.lv\/et\/wp-json\/wp\/v2\/product_brand?post=36313"},{"taxonomy":"product_cat","embeddable":true,"href":"https:\/\/lightup.lv\/et\/wp-json\/wp\/v2\/product_cat?post=36313"},{"taxonomy":"product_tag","embeddable":true,"href":"https:\/\/lightup.lv\/et\/wp-json\/wp\/v2\/product_tag?post=36313"}],"curies":[{"name":"wp","href":"https:\/\/api.w.org\/{rel}","templated":true}]}}