{"id":36372,"date":"2025-07-25T14:37:37","date_gmt":"2025-07-25T12:37:37","guid":{"rendered":"https:\/\/lightup.lv\/?post_type=product&#038;p=36372"},"modified":"2025-11-11T11:06:21","modified_gmt":"2025-11-11T09:06:21","slug":"kresls-duct-balts-bess","status":"publish","type":"product","link":"https:\/\/lightup.lv\/et\/tootekataloog\/kresls-duct-balts-bess\/","title":{"rendered":"Tool DUCT valge\/bee\u017e"},"content":{"rendered":"<p>Tooli k\u00f5rgus: 81 cm<br \/>\nKr\u0113sla platums: 52 cm<br \/>\nKr\u0113sla dzi\u013cums: 56 cm<br \/>\nIstme k\u00f5rgus: 49,5 cm<br \/>\nKr\u0101sa: Balta\/b\u0113\u0161a<br \/>\nMaterjal: kangas<br \/>\nVirnastatav: Ei<\/p>\n<p>ID 100920910<\/p>","protected":false},"excerpt":{"rendered":"<p>Skulptur\u0101ls un ergonomisks \u2013 DUCT kr\u0113sls apvieno klasiskas elegances nosv\u0113rt\u012bbu ar m\u016bsdienu funkcion\u0101lu dizainu. T\u0101 rakstur\u012bg\u0101 iez\u012bme ir paral\u0113li novietot\u0101s aizmugur\u0113j\u0101s k\u0101jas, kas veido arhitektonisku siluetu. M\u012bksti polster\u0113t\u0101 s\u0113d\u012bte un atzveltne nodro\u0161ina augstu komforta l\u012bmeni. DUCT kolekcij\u0101 pieejami gan kr\u0113sli, gan atp\u016btas kr\u0113sli.<\/p>","protected":false},"featured_media":36373,"template":"","meta":{"_acf_changed":false},"product_brand":[],"product_cat":[28,38,213],"product_tag":[37],"class_list":{"0":"post-36372","1":"product","2":"type-product","3":"status-publish","4":"has-post-thumbnail","6":"product_cat-kresli","7":"product_cat-kresli-pie-galda","8":"product_cat-salona-pieejams","9":"product_tag-dan-form","11":"first","12":"instock","13":"shipping-taxable","14":"purchasable","15":"product-type-simple"},"acf":[],"_links":{"self":[{"href":"https:\/\/lightup.lv\/et\/wp-json\/wp\/v2\/product\/36372","targetHints":{"allow":["GET"]}}],"collection":[{"href":"https:\/\/lightup.lv\/et\/wp-json\/wp\/v2\/product"}],"about":[{"href":"https:\/\/lightup.lv\/et\/wp-json\/wp\/v2\/types\/product"}],"wp:featuredmedia":[{"embeddable":true,"href":"https:\/\/lightup.lv\/et\/wp-json\/wp\/v2\/media\/36373"}],"wp:attachment":[{"href":"https:\/\/lightup.lv\/et\/wp-json\/wp\/v2\/media?parent=36372"}],"wp:term":[{"taxonomy":"product_brand","embeddable":true,"href":"https:\/\/lightup.lv\/et\/wp-json\/wp\/v2\/product_brand?post=36372"},{"taxonomy":"product_cat","embeddable":true,"href":"https:\/\/lightup.lv\/et\/wp-json\/wp\/v2\/product_cat?post=36372"},{"taxonomy":"product_tag","embeddable":true,"href":"https:\/\/lightup.lv\/et\/wp-json\/wp\/v2\/product_tag?post=36372"}],"curies":[{"name":"wp","href":"https:\/\/api.w.org\/{rel}","templated":true}]}}