{"id":36410,"date":"2025-07-25T15:12:33","date_gmt":"2025-07-25T13:12:33","guid":{"rendered":"https:\/\/lightup.lv\/?post_type=product&#038;p=36410"},"modified":"2025-09-17T10:54:20","modified_gmt":"2025-09-17T08:54:20","slug":"atputas-kresls-duct-bruns","status":"publish","type":"product","link":"https:\/\/lightup.lv\/et\/precu-katalogs\/atputas-kresls-duct-bruns\/","title":{"rendered":"Tugitool DUCT pruun"},"content":{"rendered":"<p>Tooli k\u00f5rgus: 81,5 cm<br \/>\nTooli laius: 60,5 cm<br \/>\nTooli s\u00fcgavus: 56,5 cm<br \/>\nIstme k\u00f5rgus: 49,5 cm<br \/>\nV\u00e4rv: Pruun<br \/>\nMaterjal: kangas<br \/>\nVirnastatav: Ei<\/p>\n<p>ID 100920940<\/p>","protected":false},"excerpt":{"rendered":"<p>Skulpturaalne ja mugav DUCT tugitool \u00fchendab endas klassikalise elegantsi moodsa funktsionaalsusega. Selle disaini r\u00f5hutavad paralleelsed ja l\u00e4hestikku asetsevad tagajalad, mis annavad sellele arhitektuurse iseloomu. Polsterdatud iste ja seljatugi, mis sulanduvad k\u00e4etugedeks, pakuvad suurep\u00e4rast istumismugavust. DUCT kollektsioon sisaldab nii tugitoole kui ka tugitoole.<\/p>","protected":false},"featured_media":36411,"template":"","meta":{"_acf_changed":false},"product_brand":[],"product_cat":[28,119,38],"product_tag":[37],"class_list":{"0":"post-36410","1":"product","2":"type-product","3":"status-publish","4":"has-post-thumbnail","6":"product_cat-kresli","7":"product_cat-atputas-kresli-kresli","8":"product_cat-kresli-pie-galda","9":"product_tag-dan-form","11":"first","12":"instock","13":"shipping-taxable","14":"purchasable","15":"product-type-simple"},"acf":[],"_links":{"self":[{"href":"https:\/\/lightup.lv\/et\/wp-json\/wp\/v2\/product\/36410","targetHints":{"allow":["GET"]}}],"collection":[{"href":"https:\/\/lightup.lv\/et\/wp-json\/wp\/v2\/product"}],"about":[{"href":"https:\/\/lightup.lv\/et\/wp-json\/wp\/v2\/types\/product"}],"wp:featuredmedia":[{"embeddable":true,"href":"https:\/\/lightup.lv\/et\/wp-json\/wp\/v2\/media\/36411"}],"wp:attachment":[{"href":"https:\/\/lightup.lv\/et\/wp-json\/wp\/v2\/media?parent=36410"}],"wp:term":[{"taxonomy":"product_brand","embeddable":true,"href":"https:\/\/lightup.lv\/et\/wp-json\/wp\/v2\/product_brand?post=36410"},{"taxonomy":"product_cat","embeddable":true,"href":"https:\/\/lightup.lv\/et\/wp-json\/wp\/v2\/product_cat?post=36410"},{"taxonomy":"product_tag","embeddable":true,"href":"https:\/\/lightup.lv\/et\/wp-json\/wp\/v2\/product_tag?post=36410"}],"curies":[{"name":"t\u00f6\u00f6leht","href":"https:\/\/api.w.org\/{rel}","templated":true}]}}